{"id":5503,"date":"2026-02-03T15:39:37","date_gmt":"2026-02-03T15:39:37","guid":{"rendered":"https:\/\/demo8.izveide.id.lv\/?post_type=product&#038;p=5503"},"modified":"2026-02-03T15:39:47","modified_gmt":"2026-02-03T15:39:47","slug":"neu001-lk","status":"publish","type":"product","link":"https:\/\/demo8.izveide.id.lv\/de\/produkt\/neu001-lk\/","title":{"rendered":"NEU001 LK"},"content":{"rendered":"<p><img decoding=\"async\" src=\"\/wp-content\/uploads\/2026\/01\/NEU001-LK-PARENT_desc.jpg\"\/><\/p>\n<p><p><\/p>\n<p><b>AKTIV DUFT<\/b><span style=\"font-family: Arial, Helvetica, sans-serif; font-weight: 700; letter-spacing: normal; background-color: rgba(255, 255, 255, 0.8);\">\u00d6<\/span><b>L<\/b><\/p>\n<p><b>Anwendungsgebiete:<br \/><\/b><\/p>\n<p style=\"text-align: justify;\"><span style=\"letter-spacing: normal; text-align: start;\">\u00c4u\u00dferst wirksammes Duft\u00f6l, welches bestens im Innenraum eingesetzt werden kann, damit \u00fcble Ger\u00fcche von z.B. nassen Hunden, Rauch oder versch\u00fctteten Essensreste \u00fcberdeckt werden.<\/span><\/p>\n<p style=\"text-align: justify; \">&#8222;NEU001 LK&#8220; ist ein Raumduftdesodorant f\u00fcr stark geruchsbelastete Bereiche. Es wird bevorzugt in \u00f6ffentliche Toiletten, B\u00e4der, Schlachtereien und vielen anderen Bereichen eingesetzt. Speziell ausgew\u00e4hlte Komponenten \u00fcberdecken und binden starke Ger\u00fcche schnell und zuverl\u00e4ssig.<b><br \/><\/b><\/p>\n<p style=\"text-align: justify; \"><b>Verarbeitung:<br \/><\/b><\/p>\n<p style=\"text-align: justify; \"><span style=\"letter-spacing: normal;\">&#8222;NEU001 LK&#8220;<\/span> konzentriert oder bis 1:20 mit Wasser verd\u00fcnnt in den belasteten Bereichen verspr\u00fchen oder einfach an einer verdeckten Stelle verteilen. <\/p>\n<p style=\"text-align: justify; \">Es kann zus\u00e4tzlich herk\u00f6mmlichen Reinigungsprodukten zugemischt werden. <\/p>\n<p style=\"text-align: justify; \">Tipp: <span style=\"letter-spacing: normal;\">&#8222;NEU001 LK&#8220;<\/span> kann problemlos in den Auffangtank einer WC-B\u00fcrste zugegeben werden, damit die starken Ger\u00fcche im ganzen Raum neutralisiert werden.<b><br \/><\/b><\/p>\n<p style=\"text-align: justify; \"><b>Hinweise:<br \/><\/b><\/p>\n<p style=\"text-align: justify; \"><span style=\"letter-spacing: normal;\">&#8222;NEU001 LK&#8220;<\/span> ist laut Gefahrstoffverordnung kein gef\u00e4hrlicher Arbeitsstoff und deshalb nicht kennzeichnungspflichtig. Erzeugnis nur auf wasserfesten Fl\u00e4chen und Materialien verwenden. Bei der Erstanwendung an einer verdeckten Stelle Probeauftrag vornehmen. <span style=\"letter-spacing: normal;\">&#8222;NEU001 LK&#8220;<\/span> erf\u00fcllt in seiner Abbaubarkeit die Anforderungen des Deutschen Waschmittelgesetzes.<b><br \/><\/b><\/p>\n<p style=\"text-align: justify; \"><b>pH:<\/b> 7,0 (bei 20 \u00b0C)<\/p><\/p>\n","protected":false},"excerpt":{"rendered":"<p>AKTIV DUFT\u00d6L Anwendungsgebiete: \u00c4u\u00dferst wirksammes Duft\u00f6l, welches bestens im Innenraum eingesetzt werden kann, damit \u00fcble Ger\u00fcche von z.B. nassen Hunden, Rauch oder versch\u00fctteten Essensreste \u00fcberdeckt werden. &#8222;NEU001 LK&#8220; ist ein Raumduftdesodorant f\u00fcr stark geruchsbelastete Bereiche. Es wird bevorzugt in \u00f6ffentliche Toiletten, B\u00e4der, Schlachtereien und vielen anderen Bereichen eingesetzt. Speziell ausgew\u00e4hlte Komponenten \u00fcberdecken und binden starke&#8230;<\/p>\n","protected":false},"featured_media":5504,"comment_status":"open","ping_status":"closed","template":"","meta":[],"product_brand":[319],"product_cat":[415,433,442],"product_tag":[],"class_list":{"0":"post-5503","1":"product","2":"type-product","3":"status-publish","4":"has-post-thumbnail","6":"product_brand-chemie-spezial","7":"product_cat-chemie-spezial-produkte","8":"product_cat-kfz-motorrad-und-lkw-reiniger","9":"product_cat-spezialprodukte-und-felgenreiniger","11":"first","12":"instock","13":"shipping-taxable","14":"purchasable","15":"product-type-variable","16":"has-default-attributes"},"_links":{"self":[{"href":"https:\/\/demo8.izveide.id.lv\/de\/wp-json\/wp\/v2\/product\/5503","targetHints":{"allow":["GET"]}}],"collection":[{"href":"https:\/\/demo8.izveide.id.lv\/de\/wp-json\/wp\/v2\/product"}],"about":[{"href":"https:\/\/demo8.izveide.id.lv\/de\/wp-json\/wp\/v2\/types\/product"}],"replies":[{"embeddable":true,"href":"https:\/\/demo8.izveide.id.lv\/de\/wp-json\/wp\/v2\/comments?post=5503"}],"wp:featuredmedia":[{"embeddable":true,"href":"https:\/\/demo8.izveide.id.lv\/de\/wp-json\/wp\/v2\/media\/5504"}],"wp:attachment":[{"href":"https:\/\/demo8.izveide.id.lv\/de\/wp-json\/wp\/v2\/media?parent=5503"}],"wp:term":[{"taxonomy":"product_brand","embeddable":true,"href":"https:\/\/demo8.izveide.id.lv\/de\/wp-json\/wp\/v2\/product_brand?post=5503"},{"taxonomy":"product_cat","embeddable":true,"href":"https:\/\/demo8.izveide.id.lv\/de\/wp-json\/wp\/v2\/product_cat?post=5503"},{"taxonomy":"product_tag","embeddable":true,"href":"https:\/\/demo8.izveide.id.lv\/de\/wp-json\/wp\/v2\/product_tag?post=5503"}],"curies":[{"name":"wp","href":"https:\/\/api.w.org\/{rel}","templated":true}]}}