{"id":5492,"date":"2026-02-03T15:39:32","date_gmt":"2026-02-03T15:39:32","guid":{"rendered":"https:\/\/demo8.izveide.id.lv\/?post_type=product&#038;p=5492"},"modified":"2026-02-03T15:39:46","modified_gmt":"2026-02-03T15:39:46","slug":"alk065-lk","status":"publish","type":"product","link":"https:\/\/demo8.izveide.id.lv\/de\/produkt\/alk065-lk\/","title":{"rendered":"ALK065 LK"},"content":{"rendered":"<p><img decoding=\"async\" src=\"\/wp-content\/uploads\/2026\/01\/ALK065-LK-PARENT_desc.jpg\"\/><\/p>\n<p><p><\/p>\n<p><b>MOTORENW<\/b><span style=\"font-family: Arial, Helvetica, sans-serif; font-weight: 700; letter-spacing: normal; background-color: rgba(255, 255, 255, 0.8);\">\u00c4<\/span><b>SCHE UND DIE UNTERBODENW<\/b><span style=\"font-family: Arial, Helvetica, sans-serif; font-weight: 700; letter-spacing: normal; background-color: rgba(255, 255, 255, 0.8);\">\u00c4<\/span><b>SCHE<\/b><\/p>\n<p><b>Produkt beschreibung:<br \/><\/b><\/p>\n<p style=\"text-align: justify; \">&#8222;ALK065 LK&#8220; wurde speziell f\u00fcr den industriellen Einsatz entwickelt und soll an Stelle der Reinigungsmittel treten, die chlorierte Kohlenwasserstoffe als L\u00f6sungsmittel enthalten. Mit <span style=\"letter-spacing: normal;\">&#8222;ALK065 LK&#8220;<\/span> k\u00f6nnen problemlos alle bisher verwendeten l\u00f6sungsmittelhaltigen Reinigungsmittel ersetzt werden. Das Produkt enth\u00e4lt einen Korrosionsschutz, der gegen Rostbildung nach der Reinigung und Entfettung der Fl\u00e4chen wirksam ist. <\/p>\n<p style=\"text-align: justify; \"><span style=\"letter-spacing: normal;\">&#8222;ALK065 LK&#8220;<\/span> ist trotz seiner Alkalit\u00e4t bedingt aluminiumvertr\u00e4glich.<b><br \/><\/b><\/p>\n<p style=\"text-align: justify; \"><b>Verarbeitung:<\/b><\/p>\n<p style=\"text-align: justify; \"><span style=\"letter-spacing: normal;\">&#8222;ALK065 LK&#8220;<\/span> je nach Verschmutzung 1:1 bis 1:100 mit Wasser verd\u00fcnnen. <\/p>\n<p style=\"text-align: justify; \">Bei der Behandlung von Aluminiumfl\u00e4chen minimal 1:10 verd\u00fcnnen. <\/p>\n<p style=\"text-align: justify; \">Das Haupteinsatzgebiet liegt in der S\u00e4uberung von Maschinen, Motoren, Industrieanlagen, Felgen und stark verschmutzten Bau- und Speditionsfahrzeugen. <\/p>\n<p style=\"text-align: justify; \"><span style=\"letter-spacing: normal;\">&#8222;ALK065 LK&#8220;<\/span> ist ein ausgezeichnetes Entfettungsmittel f\u00fcr die metallverarbeitende Industrie. <\/p>\n<p style=\"text-align: justify; \">Stahl, Gusseisen, Kupfer, Messing, Aluminium (in angegebener Dosierung), Beton, Stein und Glas werden von <span style=\"letter-spacing: normal;\">&#8222;ALK065 LK&#8220;<\/span> nicht angegriffen.<b><br \/><\/b><\/p>\n<p style=\"text-align: justify; \"><b>Hinweise:<\/b><\/p>\n<p style=\"text-align: justify; \"><span style=\"letter-spacing: normal;\">&#8222;ALK065 LK&#8220;<\/span> ist frei von S\u00e4uren, Aldehyden, freien Halogenen, Phenolverbindungen, chlorierten Kohlenwasserstoffen, PCB, PCP und anderen, die Umwelt besonders belastenden, Stoffen. <\/p>\n<p style=\"text-align: justify; \"><span style=\"letter-spacing: normal;\">&#8222;ALK065 LK&#8220;<\/span> erf\u00fcllt in seiner Abbaubarkeit, nach OECD-Methode, die Anforderungen des deutschen Waschmittelgesetzes.<b><br \/><\/b><\/p>\n<p style=\"text-align: justify; \"><b>pH (konz.):<\/b> 10 &#8211; 12<\/p><\/p>\n","protected":false},"excerpt":{"rendered":"<p>MOTORENW\u00c4SCHE UND DIE UNTERBODENW\u00c4SCHE Produkt beschreibung: &#8222;ALK065 LK&#8220; wurde speziell f\u00fcr den industriellen Einsatz entwickelt und soll an Stelle der Reinigungsmittel treten, die chlorierte Kohlenwasserstoffe als L\u00f6sungsmittel enthalten. Mit &#8222;ALK065 LK&#8220; k\u00f6nnen problemlos alle bisher verwendeten l\u00f6sungsmittelhaltigen Reinigungsmittel ersetzt werden. Das Produkt enth\u00e4lt einen Korrosionsschutz, der gegen Rostbildung nach der Reinigung und Entfettung der Fl\u00e4chen&#8230;<\/p>\n","protected":false},"featured_media":5493,"comment_status":"open","ping_status":"closed","template":"","meta":[],"product_brand":[319],"product_cat":[415,418,433,421,442],"product_tag":[],"class_list":{"0":"post-5492","1":"product","2":"type-product","3":"status-publish","4":"has-post-thumbnail","6":"product_brand-chemie-spezial","7":"product_cat-chemie-spezial-produkte","8":"product_cat-industrie","9":"product_cat-kfz-motorrad-und-lkw-reiniger","10":"product_cat-reinigung-und-entfettung","11":"product_cat-spezialprodukte-und-felgenreiniger","13":"first","14":"instock","15":"shipping-taxable","16":"purchasable","17":"product-type-variable","18":"has-default-attributes"},"_links":{"self":[{"href":"https:\/\/demo8.izveide.id.lv\/de\/wp-json\/wp\/v2\/product\/5492","targetHints":{"allow":["GET"]}}],"collection":[{"href":"https:\/\/demo8.izveide.id.lv\/de\/wp-json\/wp\/v2\/product"}],"about":[{"href":"https:\/\/demo8.izveide.id.lv\/de\/wp-json\/wp\/v2\/types\/product"}],"replies":[{"embeddable":true,"href":"https:\/\/demo8.izveide.id.lv\/de\/wp-json\/wp\/v2\/comments?post=5492"}],"wp:featuredmedia":[{"embeddable":true,"href":"https:\/\/demo8.izveide.id.lv\/de\/wp-json\/wp\/v2\/media\/5493"}],"wp:attachment":[{"href":"https:\/\/demo8.izveide.id.lv\/de\/wp-json\/wp\/v2\/media?parent=5492"}],"wp:term":[{"taxonomy":"product_brand","embeddable":true,"href":"https:\/\/demo8.izveide.id.lv\/de\/wp-json\/wp\/v2\/product_brand?post=5492"},{"taxonomy":"product_cat","embeddable":true,"href":"https:\/\/demo8.izveide.id.lv\/de\/wp-json\/wp\/v2\/product_cat?post=5492"},{"taxonomy":"product_tag","embeddable":true,"href":"https:\/\/demo8.izveide.id.lv\/de\/wp-json\/wp\/v2\/product_tag?post=5492"}],"curies":[{"name":"wp","href":"https:\/\/api.w.org\/{rel}","templated":true}]}}