{"id":5474,"date":"2026-02-03T15:39:27","date_gmt":"2026-02-03T15:39:27","guid":{"rendered":"https:\/\/demo8.izveide.id.lv\/?post_type=product&#038;p=5474"},"modified":"2026-02-03T15:39:33","modified_gmt":"2026-02-03T15:39:33","slug":"acd204-lk","status":"publish","type":"product","link":"https:\/\/demo8.izveide.id.lv\/de\/produkt\/acd204-lk\/","title":{"rendered":"ACD204 LK"},"content":{"rendered":"<p><img decoding=\"async\" src=\"\/wp-content\/uploads\/2026\/01\/ACD204-LK-PARENT_desc.jpg\"\/><\/p>\n<p><p><\/p>\n<p><b>HOCHKONZENTRIERTER, BIOLOGISCH VOLL ABBAUBARER NEUTRALREINIGER<\/b><\/p>\n<p><b>Produkt beschreibung:<\/b><\/p>\n<p style=\"text-align: justify; \">&#8222;ACD204 LK&#8220; enth\u00e4lt nat\u00fcrliche Citrusterpene und hat hervorragende Reinigungs- und Fettl\u00f6sekraft. Es beseitigt m\u00fchelos alle Arten von t\u00e4glich anfallenden Verschmutzungen. <span style=\"letter-spacing: normal;\">&#8222;ACD204 LK&#8220;<\/span> ist anwendbar auf allen abwaschbaren Fl\u00e4chen. Auch f\u00fcr die Fleckenentfernung aus Textilien geeignet.<\/p>\n<p style=\"\"><b>Verarbeitung:<\/b><\/p>\n<p style=\"text-align: justify; \"><span style=\"letter-spacing: normal;\">&#8222;ACD204 LK&#8220;<\/span> je nach Grad der Verschmutzungen 1:50 &#8211; 1:200 mit Wasser verd\u00fcnnen. <span style=\"letter-spacing: normal;\">&#8222;ACD204 LK&#8220;<\/span> greift kein Glas, Zink, Aluminium, lackierte Fl\u00e4chen, Stein oder Kunststoffe an. Auf Textilien Probeauftrag zur \u00dcberpr\u00fcfung der Farbechtheit durchf\u00fchren.<\/p>\n<p style=\"\"><b>Hinweise:<\/b><\/p>\n<p style=\"text-align: justify; \"><span style=\"letter-spacing: normal;\">&#8222;ACD204 LK&#8220;<\/span> enth\u00e4lt &lt;5 % nichtionische Tenside, &lt;5 % anionischen Tenside, Alkohole, Orangen\u00f6le und Duftstoffe.<\/p>\n<p style=\"\"><b>pH:<\/b> 1,0 (Konz.)<\/p><\/p>\n","protected":false},"excerpt":{"rendered":"<p>HOCHKONZENTRIERTER, BIOLOGISCH VOLL ABBAUBARER NEUTRALREINIGER Produkt beschreibung: &#8222;ACD204 LK&#8220; enth\u00e4lt nat\u00fcrliche Citrusterpene und hat hervorragende Reinigungs- und Fettl\u00f6sekraft. Es beseitigt m\u00fchelos alle Arten von t\u00e4glich anfallenden Verschmutzungen. &#8222;ACD204 LK&#8220; ist anwendbar auf allen abwaschbaren Fl\u00e4chen. Auch f\u00fcr die Fleckenentfernung aus Textilien geeignet. Verarbeitung: &#8222;ACD204 LK&#8220; je nach Grad der Verschmutzungen 1:50 &#8211; 1:200 mit Wasser&#8230;<\/p>\n","protected":false},"featured_media":5475,"comment_status":"open","ping_status":"closed","template":"","meta":[],"product_brand":[319],"product_cat":[415,445,448],"product_tag":[],"class_list":{"0":"post-5474","1":"product","2":"type-product","3":"status-publish","4":"has-post-thumbnail","6":"product_brand-chemie-spezial","7":"product_cat-chemie-spezial-produkte","8":"product_cat-gastronomie-und-lebensmittel","9":"product_cat-grosskuechenreinigung-und-entfettung","11":"first","12":"instock","13":"shipping-taxable","14":"purchasable","15":"product-type-variable","16":"has-default-attributes"},"_links":{"self":[{"href":"https:\/\/demo8.izveide.id.lv\/de\/wp-json\/wp\/v2\/product\/5474","targetHints":{"allow":["GET"]}}],"collection":[{"href":"https:\/\/demo8.izveide.id.lv\/de\/wp-json\/wp\/v2\/product"}],"about":[{"href":"https:\/\/demo8.izveide.id.lv\/de\/wp-json\/wp\/v2\/types\/product"}],"replies":[{"embeddable":true,"href":"https:\/\/demo8.izveide.id.lv\/de\/wp-json\/wp\/v2\/comments?post=5474"}],"wp:featuredmedia":[{"embeddable":true,"href":"https:\/\/demo8.izveide.id.lv\/de\/wp-json\/wp\/v2\/media\/5475"}],"wp:attachment":[{"href":"https:\/\/demo8.izveide.id.lv\/de\/wp-json\/wp\/v2\/media?parent=5474"}],"wp:term":[{"taxonomy":"product_brand","embeddable":true,"href":"https:\/\/demo8.izveide.id.lv\/de\/wp-json\/wp\/v2\/product_brand?post=5474"},{"taxonomy":"product_cat","embeddable":true,"href":"https:\/\/demo8.izveide.id.lv\/de\/wp-json\/wp\/v2\/product_cat?post=5474"},{"taxonomy":"product_tag","embeddable":true,"href":"https:\/\/demo8.izveide.id.lv\/de\/wp-json\/wp\/v2\/product_tag?post=5474"}],"curies":[{"name":"wp","href":"https:\/\/api.w.org\/{rel}","templated":true}]}}