{"id":5468,"date":"2026-02-03T15:39:26","date_gmt":"2026-02-03T15:39:26","guid":{"rendered":"https:\/\/demo8.izveide.id.lv\/?post_type=product&#038;p=5468"},"modified":"2026-02-03T15:39:33","modified_gmt":"2026-02-03T15:39:33","slug":"alk101-lk","status":"publish","type":"product","link":"https:\/\/demo8.izveide.id.lv\/de\/produkt\/alk101-lk\/","title":{"rendered":"ALK101 LK"},"content":{"rendered":"<p><img decoding=\"async\" src=\"\/wp-content\/uploads\/2026\/01\/ALK101-LK-PARENT_desc.jpg\"\/><\/p>\n<p><p><\/p>\n<p><b>REINIGER F<span style=\"text-align: justify;\">\u00dc<\/b>R DIE LEBENSMITTELINDUSTRIE<\/span><\/p>\n<p><b>Produkt beschreibung:<br \/><\/b><\/p>\n<p style=\"text-align: justify; \">&#8222;ALK101 LK&#8220; ist ein speziell auf die Entfernung von Eiwei\u00df-, St\u00e4rke- und Fettverschmutzungen abgestimmter Reiniger. Ideal f\u00fcr die Reinigung in lebensmittelverarbeitenden Betrieben, wie z. B. in Schlachth\u00f6fen, Metzgereien, Melkbetrieben uva. Spezielle Eiwei\u00df- und Fettl\u00f6ser spalten diese Bausteine und bringen sie so in eine leicht l\u00f6sliche Form.<\/p>\n<p style=\"\"><b>Verarbeitung:<\/b><\/p>\n<p style=\"text-align: justify; \"><span style=\"letter-spacing: normal;\">&#8222;ALK101 LK&#8220;<\/span> 1:10 &#8211; 1:50 mit Wasser verd\u00fcnnen, auf die Verschmutzungen aufbringen, 1 &#8211; 5 Minuten einwirken lassen und mit klarem Wasser aufnehmen oder abziehen. <\/p>\n<p style=\"text-align: justify; \"><span style=\"letter-spacing: normal;\">&#8222;ALK101 LK&#8220;<\/span> kann auch unter Zusatz von Entsch\u00e4umer in Reinigungsautomaten eingesetzt werden. Hierf\u00fcr <span style=\"letter-spacing: normal;\">&#8222;ALK101 LK&#8220;<\/span> 1:50 &#8211; 1:75 mit Wasser verd\u00fcnnen und der hergestellten Reinigungsflotte ca. 0,5 &#8211; 1,0 % Entsch\u00e4umer zusetzen.<\/p>\n<p style=\"text-align: justify; \"><b>Hinweise:<\/b><\/p>\n<p style=\"text-align: justify; \"><span style=\"letter-spacing: normal;\">&#8222;ALK101 LK&#8220;<\/span> wirkt trotz seiner hohen Reinigungskraft nicht aggressiv. Da der pH-Wert bei 9,5 liegt, kann <span style=\"letter-spacing: normal;\">&#8222;ALK101 LK&#8220;<\/span> auf nahezu allen Materialien verwendet werden. Die Inhaltsstoffe \u00fcbertreffen in ihrer Abbaubarkeit die Anforderungen des deutschen Waschmittelgesetzes. Frei von L\u00f6sungsmitteln, Alkalien, Konservierungsstoffen und Aldehyden.<\/p>\n<p style=\"text-align: justify; \"><b>pH (konz.):<\/b> 8 &#8211; 10<\/p><\/p>\n","protected":false},"excerpt":{"rendered":"<p>REINIGER F\u00dcR DIE LEBENSMITTELINDUSTRIE Produkt beschreibung: &#8222;ALK101 LK&#8220; ist ein speziell auf die Entfernung von Eiwei\u00df-, St\u00e4rke- und Fettverschmutzungen abgestimmter Reiniger. Ideal f\u00fcr die Reinigung in lebensmittelverarbeitenden Betrieben, wie z. B. in Schlachth\u00f6fen, Metzgereien, Melkbetrieben uva. Spezielle Eiwei\u00df- und Fettl\u00f6ser spalten diese Bausteine und bringen sie so in eine leicht l\u00f6sliche Form. Verarbeitung: &#8222;ALK101 LK&#8220;&#8230;<\/p>\n","protected":false},"featured_media":5469,"comment_status":"open","ping_status":"closed","template":"","meta":[],"product_brand":[319],"product_cat":[415,445,448],"product_tag":[],"class_list":{"0":"post-5468","1":"product","2":"type-product","3":"status-publish","4":"has-post-thumbnail","6":"product_brand-chemie-spezial","7":"product_cat-chemie-spezial-produkte","8":"product_cat-gastronomie-und-lebensmittel","9":"product_cat-grosskuechenreinigung-und-entfettung","11":"first","12":"instock","13":"shipping-taxable","14":"purchasable","15":"product-type-variable","16":"has-default-attributes"},"_links":{"self":[{"href":"https:\/\/demo8.izveide.id.lv\/de\/wp-json\/wp\/v2\/product\/5468","targetHints":{"allow":["GET"]}}],"collection":[{"href":"https:\/\/demo8.izveide.id.lv\/de\/wp-json\/wp\/v2\/product"}],"about":[{"href":"https:\/\/demo8.izveide.id.lv\/de\/wp-json\/wp\/v2\/types\/product"}],"replies":[{"embeddable":true,"href":"https:\/\/demo8.izveide.id.lv\/de\/wp-json\/wp\/v2\/comments?post=5468"}],"wp:featuredmedia":[{"embeddable":true,"href":"https:\/\/demo8.izveide.id.lv\/de\/wp-json\/wp\/v2\/media\/5469"}],"wp:attachment":[{"href":"https:\/\/demo8.izveide.id.lv\/de\/wp-json\/wp\/v2\/media?parent=5468"}],"wp:term":[{"taxonomy":"product_brand","embeddable":true,"href":"https:\/\/demo8.izveide.id.lv\/de\/wp-json\/wp\/v2\/product_brand?post=5468"},{"taxonomy":"product_cat","embeddable":true,"href":"https:\/\/demo8.izveide.id.lv\/de\/wp-json\/wp\/v2\/product_cat?post=5468"},{"taxonomy":"product_tag","embeddable":true,"href":"https:\/\/demo8.izveide.id.lv\/de\/wp-json\/wp\/v2\/product_tag?post=5468"}],"curies":[{"name":"wp","href":"https:\/\/api.w.org\/{rel}","templated":true}]}}