{"id":5462,"date":"2026-02-03T15:39:25","date_gmt":"2026-02-03T15:39:25","guid":{"rendered":"https:\/\/demo8.izveide.id.lv\/?post_type=product&#038;p=5462"},"modified":"2026-02-03T15:39:33","modified_gmt":"2026-02-03T15:39:33","slug":"acd099-lk","status":"publish","type":"product","link":"https:\/\/demo8.izveide.id.lv\/de\/produkt\/acd099-lk\/","title":{"rendered":"ACD099 LK"},"content":{"rendered":"<p><img decoding=\"async\" src=\"\/wp-content\/uploads\/2026\/01\/ACD099-LK-PARENT_desc.jpg\"\/><\/p>\n<p><p><\/p>\n<p><b>GERUCHSLOSER, STARK SCH<span style=\"text-align: justify;\">\u00c4<\/b>UMENDER SPEZIALREINIGER<\/span><\/p>\n<p><b>Produkt beschreibung:<br \/><\/b><\/p>\n<p style=\"text-align: justify; \">&#8222;ACD099 LK&#8220; ist ein leicht saurer, geruchsloser Spezialreiniger f\u00fcr den Einsatz im Lebensmittelbereich, bei der Trinkwasserbeh\u00e4lter- und Rohrreinigung, sowie in allen Bereichen der Reinigung bei denen geruchlose und stark sch\u00e4umende Produkte zum Einsatz kommen. <\/p>\n<p style=\"text-align: justify; \"><span style=\"letter-spacing: normal;\">&#8222;ACD099 LK&#8220;<\/span> ist trotz seines hohen Schmutzl\u00f6severm\u00f6gens materialschonend eingestellt. <span style=\"letter-spacing: normal;\">&#8222;ACD099 LK&#8220;<\/span> l\u00f6st leicht Kalkablagerungen, Fette, Nikotinreste und allgemeine Verschmutzungen. <\/p>\n<p style=\"text-align: justify; \"><span style=\"letter-spacing: normal;\">&#8222;ACD099 LK&#8220;<\/span> enth\u00e4lt keine toxischen, cancerogene oder mutagene Bestandteile und kann somit bedenkenlos in Lebensmittelbereichen eingesetzt werden. <span style=\"letter-spacing: normal;\">&#8222;ACD099 LK&#8220;<\/span> ist gut f\u00fcr die Verarbeitung mit Schaumlanzen geeignet. Ein feinporiger Schaumteppich garantiert einen effektiven Reinigungserfolg.<\/p>\n<p style=\"\"><b>Verarbeitung:<\/b><\/p>\n<p style=\"text-align: justify; \"><span style=\"letter-spacing: normal;\">&#8222;ACD099 LK&#8220;<\/span> je nach Grad der Verschmutzung wie folgt verd\u00fcnnen: <\/p>\n<p style=\"text-align: justify; \">&#8211; manuelle Reinigung: 1:10 &#8211; 1:50 (150 &#8211; 750 ml auf 8 ltr Wasser) <\/p>\n<p style=\"text-align: justify; \">&#8211; Automatenreinigung: 1:50 &#8211; 1:75 (100 &#8211; 150 ml auf 8 ltr Wasser) <\/p>\n<p style=\"text-align: justify; \">&#8211; Schaumkanonen: 1:75 &#8211; 1:200 (50 &#8211; 150 ml auf 8 ltr Wasser) <\/p>\n<p style=\"text-align: justify; \">&#8211; Injektor: 0,5 &#8211; 2,0 % <\/p>\n<p style=\"text-align: justify; \">mit Wasser verd\u00fcnnen, einwirken lassen und mit klarem Wasser die Fl\u00e4chen nachwaschen. <\/p>\n<p style=\"text-align: justify; \">Bei der Verarbeitung in Reinigungsautomaten sollte dem Auffangtank ein Entsch\u00e4umer.<\/p>\n<p style=\"\"><b>Hinweise:<\/b><\/p>\n<p style=\"\"><span style=\"letter-spacing: normal; text-align: justify;\">&#8222;ACD099 LK&#8220;<\/span> \u00fcbertrifft in seiner Abbaubarkeit die Anforderungen des Waschmittelgesetzes.<\/p>\n<p style=\"\"><b>pH (konz.):<\/b> 1 &#8211; 2 <\/p><\/p>\n","protected":false},"excerpt":{"rendered":"<p>GERUCHSLOSER, STARK SCH\u00c4UMENDER SPEZIALREINIGER Produkt beschreibung: &#8222;ACD099 LK&#8220; ist ein leicht saurer, geruchsloser Spezialreiniger f\u00fcr den Einsatz im Lebensmittelbereich, bei der Trinkwasserbeh\u00e4lter- und Rohrreinigung, sowie in allen Bereichen der Reinigung bei denen geruchlose und stark sch\u00e4umende Produkte zum Einsatz kommen. &#8222;ACD099 LK&#8220; ist trotz seines hohen Schmutzl\u00f6severm\u00f6gens materialschonend eingestellt. &#8222;ACD099 LK&#8220; l\u00f6st leicht Kalkablagerungen, Fette,&#8230;<\/p>\n","protected":false},"featured_media":5463,"comment_status":"open","ping_status":"closed","template":"","meta":[],"product_brand":[319],"product_cat":[415,445,448],"product_tag":[],"class_list":{"0":"post-5462","1":"product","2":"type-product","3":"status-publish","4":"has-post-thumbnail","6":"product_brand-chemie-spezial","7":"product_cat-chemie-spezial-produkte","8":"product_cat-gastronomie-und-lebensmittel","9":"product_cat-grosskuechenreinigung-und-entfettung","11":"first","12":"instock","13":"shipping-taxable","14":"purchasable","15":"product-type-variable","16":"has-default-attributes"},"_links":{"self":[{"href":"https:\/\/demo8.izveide.id.lv\/de\/wp-json\/wp\/v2\/product\/5462","targetHints":{"allow":["GET"]}}],"collection":[{"href":"https:\/\/demo8.izveide.id.lv\/de\/wp-json\/wp\/v2\/product"}],"about":[{"href":"https:\/\/demo8.izveide.id.lv\/de\/wp-json\/wp\/v2\/types\/product"}],"replies":[{"embeddable":true,"href":"https:\/\/demo8.izveide.id.lv\/de\/wp-json\/wp\/v2\/comments?post=5462"}],"wp:featuredmedia":[{"embeddable":true,"href":"https:\/\/demo8.izveide.id.lv\/de\/wp-json\/wp\/v2\/media\/5463"}],"wp:attachment":[{"href":"https:\/\/demo8.izveide.id.lv\/de\/wp-json\/wp\/v2\/media?parent=5462"}],"wp:term":[{"taxonomy":"product_brand","embeddable":true,"href":"https:\/\/demo8.izveide.id.lv\/de\/wp-json\/wp\/v2\/product_brand?post=5462"},{"taxonomy":"product_cat","embeddable":true,"href":"https:\/\/demo8.izveide.id.lv\/de\/wp-json\/wp\/v2\/product_cat?post=5462"},{"taxonomy":"product_tag","embeddable":true,"href":"https:\/\/demo8.izveide.id.lv\/de\/wp-json\/wp\/v2\/product_tag?post=5462"}],"curies":[{"name":"wp","href":"https:\/\/api.w.org\/{rel}","templated":true}]}}