{"id":5456,"date":"2026-02-03T15:39:23","date_gmt":"2026-02-03T15:39:23","guid":{"rendered":"https:\/\/demo8.izveide.id.lv\/?post_type=product&#038;p=5456"},"modified":"2026-02-03T15:39:32","modified_gmt":"2026-02-03T15:39:32","slug":"alk1054-lk","status":"publish","type":"product","link":"https:\/\/demo8.izveide.id.lv\/de\/produkt\/alk1054-lk\/","title":{"rendered":"ALK1054 LK"},"content":{"rendered":"<p><img decoding=\"async\" src=\"\/wp-content\/uploads\/2026\/01\/ALK1054-LK-PARENT_desc.jpg\"\/><\/p>\n<p><p><\/p>\n<p style=\"\"><b>LEICHT ALKALISCHER REINIGER F<span style=\"text-align: justify;\">\u00dc<\/b>R DIE ENTFERNUNG VON ORGANISCHEN UND ANORGANISCHEN VERSCHMUTZUNGEN. ENTSCH\u00c4UMT<\/span><\/p>\n<p style=\"\"><b>Anwendungsgebiete:<br \/><\/b><\/p>\n<p style=\"text-align: justify; \">&#8222;ALK1054 LK&#8220; ist ein leicht alkalischer Reiniger f\u00fcr die Entfernung von organischen und anorganischen Verschmutzungen. Er enth\u00e4lt keine stark \u00e4tzenden Alkalien. <\/p>\n<p style=\"text-align: justify; \"><span style=\"letter-spacing: normal;\">&#8222;ALK1054 LK&#8220;<\/span> ist ideal f\u00fcr die Verarbeitung in lebensmittelverarbeitenden Betrieben, (wie z. B. Schlachth\u00f6fen, Metzgereien, Melkbetrieben, B\u00e4ckereien etc.), f\u00fcr die PKW-Oberw\u00e4schen, Schwimmb\u00e4dern, Sanit\u00e4rr\u00e4umen, Textilien, Kunststofffl\u00e4chen, Werkstattb\u00f6den und zur Motorenw\u00e4sche geeignet. Glas, Aluminium, lackierte Fl\u00e4chen, Stein, Edelstahl, Kunststoffe, Nirosta, Keramik werden, bei sachgem\u00e4\u00dfer Anwendung, nicht angegriffen.<\/p>\n<p style=\"\"><b>Verarbeitung:<\/b><\/p>\n<p style=\"text-align: justify; \"><span style=\"letter-spacing: normal;\">&#8222;ALK1054 LK&#8220;<\/span> wird je nach Grad der Verschmutzung 1:50 &#8211; 1:200 mit Wasser verd\u00fcnnt, auf die Verschmutzungen aufgebracht und mit klarem Wasser aufgenommen oder mit einer Flitsche abgezogen bzw. bei senkrechten Fl\u00e4chen mit einem Tuch trockengerieben. <\/p>\n<p style=\"text-align: justify; \">Dieser Reiniger ist schaumreguliert und kann ohne Entsch\u00e4umerzusatz in Reinigungsautomaten eingesetzt werden. Vor der Erstanwendung einen Probeauftrag an verdeckter Stelle vornehmen. Bei der Verwendung Schutzhandschuhe und Schutzbrille tragen.<\/p>\n<p style=\"\"><b>Hinweise:<\/b><\/p>\n<p style=\"text-align: justify; \"><span style=\"letter-spacing: normal;\">&#8222;ALK1054 LK&#8220;<\/span> wirkt trotz seiner hohen Reinigungskraft nicht aggressiv. Aufgrund spezieller Schutzinhibitoren kann <span style=\"letter-spacing: normal;\">&#8222;ALK1054 LK&#8220;<\/span> auf nahezu allen Materialien verwendet werden. Die Inhaltsstoffe \u00fcbertreffen in ihrer Abbaubarkeit die Anforderungen des deutschen Waschmittelgesetzes. Frei von L\u00f6sungsmitteln, Alkalien, Konservierungsstoffen und Aldehyden.<\/p>\n<p style=\"\"><b>pH:<\/b> 11,0 (Konz.)<\/p><\/p>\n","protected":false},"excerpt":{"rendered":"<p>LEICHT ALKALISCHER REINIGER F\u00dcR DIE ENTFERNUNG VON ORGANISCHEN UND ANORGANISCHEN VERSCHMUTZUNGEN. ENTSCH\u00c4UMT Anwendungsgebiete: &#8222;ALK1054 LK&#8220; ist ein leicht alkalischer Reiniger f\u00fcr die Entfernung von organischen und anorganischen Verschmutzungen. Er enth\u00e4lt keine stark \u00e4tzenden Alkalien. &#8222;ALK1054 LK&#8220; ist ideal f\u00fcr die Verarbeitung in lebensmittelverarbeitenden Betrieben, (wie z. B. Schlachth\u00f6fen, Metzgereien, Melkbetrieben, B\u00e4ckereien etc.), f\u00fcr die PKW-Oberw\u00e4schen,&#8230;<\/p>\n","protected":false},"featured_media":5457,"comment_status":"open","ping_status":"closed","template":"","meta":[],"product_brand":[319],"product_cat":[415,445,448],"product_tag":[],"class_list":{"0":"post-5456","1":"product","2":"type-product","3":"status-publish","4":"has-post-thumbnail","6":"product_brand-chemie-spezial","7":"product_cat-chemie-spezial-produkte","8":"product_cat-gastronomie-und-lebensmittel","9":"product_cat-grosskuechenreinigung-und-entfettung","11":"first","12":"instock","13":"shipping-taxable","14":"purchasable","15":"product-type-variable","16":"has-default-attributes"},"_links":{"self":[{"href":"https:\/\/demo8.izveide.id.lv\/de\/wp-json\/wp\/v2\/product\/5456","targetHints":{"allow":["GET"]}}],"collection":[{"href":"https:\/\/demo8.izveide.id.lv\/de\/wp-json\/wp\/v2\/product"}],"about":[{"href":"https:\/\/demo8.izveide.id.lv\/de\/wp-json\/wp\/v2\/types\/product"}],"replies":[{"embeddable":true,"href":"https:\/\/demo8.izveide.id.lv\/de\/wp-json\/wp\/v2\/comments?post=5456"}],"wp:featuredmedia":[{"embeddable":true,"href":"https:\/\/demo8.izveide.id.lv\/de\/wp-json\/wp\/v2\/media\/5457"}],"wp:attachment":[{"href":"https:\/\/demo8.izveide.id.lv\/de\/wp-json\/wp\/v2\/media?parent=5456"}],"wp:term":[{"taxonomy":"product_brand","embeddable":true,"href":"https:\/\/demo8.izveide.id.lv\/de\/wp-json\/wp\/v2\/product_brand?post=5456"},{"taxonomy":"product_cat","embeddable":true,"href":"https:\/\/demo8.izveide.id.lv\/de\/wp-json\/wp\/v2\/product_cat?post=5456"},{"taxonomy":"product_tag","embeddable":true,"href":"https:\/\/demo8.izveide.id.lv\/de\/wp-json\/wp\/v2\/product_tag?post=5456"}],"curies":[{"name":"wp","href":"https:\/\/api.w.org\/{rel}","templated":true}]}}