{"id":5426,"date":"2026-02-03T15:39:13","date_gmt":"2026-02-03T15:39:13","guid":{"rendered":"https:\/\/demo8.izveide.id.lv\/?post_type=product&#038;p=5426"},"modified":"2026-02-03T15:39:20","modified_gmt":"2026-02-03T15:39:20","slug":"acd064-lk","status":"publish","type":"product","link":"https:\/\/demo8.izveide.id.lv\/de\/produkt\/acd064-lk\/","title":{"rendered":"ACD064 LK"},"content":{"rendered":"<p><img decoding=\"async\" src=\"\/wp-content\/uploads\/2026\/01\/ACD064-LK-PARENT_desc.jpg\"\/><\/p>\n<p><p><\/p>\n<p><b>DICKFL<\/b><strong style=\"font-family: Arial, Helvetica, sans-serif; letter-spacing: normal; background-color: rgba(255, 255, 255, 0.8);\">\u00dc<\/strong><b>SSIG REINIGER<\/b><\/p>\n<p><b>Produkt beschreibung:<br \/><\/b><\/p>\n<p style=\"text-align: justify; \">&#8222;ACD064 LK&#8220; ist ein Spezialprodukt, welches sich seit vielen Jahren bew\u00e4hrt hat. Die Verwendungsgebiete f\u00fcr dieses sauer eingestellte Erzeugnis sind Toiletten, B\u00e4deranlagen, Freib\u00e4der u.a. <\/p>\n<p style=\"text-align: justify; \"><span style=\"letter-spacing: normal;\">&#8222;ACD064 LK&#8220;<\/span> ist speziell f\u00fcr den laufenden Einsatz entwickelt worden und wird dort mit Erfolg verwendet, wo mit s\u00e4urehaltigen Produkten preisg\u00fcnstig eine optimale Reinigungswirkung erzielt werdensoll. <\/p>\n<p style=\"text-align: justify; \"><span style=\"letter-spacing: normal;\">&#8222;ACD064 LK&#8220;<\/span> ist dickfl\u00fcssig eingestellt, so dass er an senkrechten Fl\u00e4chen nicht abl\u00e4uft und sich die Reinigungs- und L\u00f6sungswirkung durch eine gew\u00fcnschte l\u00e4ngere Einwirkungszeit verst\u00e4rkt. <\/p>\n<p style=\"text-align: justify; \"><span style=\"letter-spacing: normal;\">&#8222;ACD064 LK&#8220;<\/span> enth\u00e4lt einen Duftstoff, derf\u00fcr \u00dcberdeckung unangenehmer Ger\u00fcche in Industrietoiletten sorgt.<b><br \/><\/b><\/p>\n<p style=\"text-align: justify; \"><b>Verarbeitung:<\/b><\/p>\n<p style=\"text-align: justify; \">Die Standardverd\u00fcnnung ist 1:20. <\/p>\n<p style=\"text-align: justify; \">Diese Dosierung ist f\u00fcr die meisten Reinigungsarbeiten geeignet. F\u00fcr die t\u00e4gliche Unterhaltsreinigung kann der <span style=\"letter-spacing: normal;\">&#8222;ACD064 LK&#8220;<\/span> bis 1:100 mit Wasser verd\u00fcnnt werden. <\/p>\n<p style=\"text-align: justify; \">Bei starken Verkrustungen und Rostablagerungen kann das Erzeugnis auch unverd\u00fcnnt verwendet werden. <\/p>\n<p style=\"text-align: justify; \">Eingesetzt wird <span style=\"letter-spacing: normal;\">&#8222;ACD064 LK&#8220;<\/span> haupts\u00e4chlich zur Reinigung von glasierten Becken und Wannen, Fliesen, Bodenkacheln, in Toiletten- und Badeanlagen sowie in Freib\u00e4dern zur Schwimmbeckenreinigung.<b><br \/><\/b><\/p>\n<p style=\"text-align: justify; \"><b>Hinweise:<\/b><\/p>\n<p style=\"text-align: justify; \">Da <span style=\"letter-spacing: normal;\">&#8222;ACD064 LK&#8220;<\/span> S\u00e4uren enth\u00e4lt, Haut, Augen und Kleidung sch\u00fctzen. <\/p>\n<p style=\"text-align: justify; \">Spritzer mit viel Wasser abwaschen. Nur auf s\u00e4urefesten Materialien verwenden. Im Zweifelsfall Probeauftrag vornehmen, um das Material auf Vertr\u00e4glichkeit zu pr\u00fcfen. <\/p>\n<p style=\"text-align: justify; \">Nicht geeignet f\u00fcr Chrom und Edelstahl.<b><br \/><\/b><\/p>\n<p style=\"text-align: justify; \"><b>pH (konz.)<\/b>: 2 &#8211; 4<\/p><\/p>\n","protected":false},"excerpt":{"rendered":"<p>DICKFL\u00dcSSIG REINIGER Produkt beschreibung: &#8222;ACD064 LK&#8220; ist ein Spezialprodukt, welches sich seit vielen Jahren bew\u00e4hrt hat. Die Verwendungsgebiete f\u00fcr dieses sauer eingestellte Erzeugnis sind Toiletten, B\u00e4deranlagen, Freib\u00e4der u.a. &#8222;ACD064 LK&#8220; ist speziell f\u00fcr den laufenden Einsatz entwickelt worden und wird dort mit Erfolg verwendet, wo mit s\u00e4urehaltigen Produkten preisg\u00fcnstig eine optimale Reinigungswirkung erzielt werdensoll. &#8222;ACD064&#8230;<\/p>\n","protected":false},"featured_media":5427,"comment_status":"open","ping_status":"closed","template":"","meta":[],"product_brand":[319],"product_cat":[415,445,454],"product_tag":[],"class_list":{"0":"post-5426","1":"product","2":"type-product","3":"status-publish","4":"has-post-thumbnail","6":"product_brand-chemie-spezial","7":"product_cat-chemie-spezial-produkte","8":"product_cat-gastronomie-und-lebensmittel","9":"product_cat-sanitaer-und-baederreiniger","11":"first","12":"instock","13":"shipping-taxable","14":"purchasable","15":"product-type-variable","16":"has-default-attributes"},"_links":{"self":[{"href":"https:\/\/demo8.izveide.id.lv\/de\/wp-json\/wp\/v2\/product\/5426","targetHints":{"allow":["GET"]}}],"collection":[{"href":"https:\/\/demo8.izveide.id.lv\/de\/wp-json\/wp\/v2\/product"}],"about":[{"href":"https:\/\/demo8.izveide.id.lv\/de\/wp-json\/wp\/v2\/types\/product"}],"replies":[{"embeddable":true,"href":"https:\/\/demo8.izveide.id.lv\/de\/wp-json\/wp\/v2\/comments?post=5426"}],"wp:featuredmedia":[{"embeddable":true,"href":"https:\/\/demo8.izveide.id.lv\/de\/wp-json\/wp\/v2\/media\/5427"}],"wp:attachment":[{"href":"https:\/\/demo8.izveide.id.lv\/de\/wp-json\/wp\/v2\/media?parent=5426"}],"wp:term":[{"taxonomy":"product_brand","embeddable":true,"href":"https:\/\/demo8.izveide.id.lv\/de\/wp-json\/wp\/v2\/product_brand?post=5426"},{"taxonomy":"product_cat","embeddable":true,"href":"https:\/\/demo8.izveide.id.lv\/de\/wp-json\/wp\/v2\/product_cat?post=5426"},{"taxonomy":"product_tag","embeddable":true,"href":"https:\/\/demo8.izveide.id.lv\/de\/wp-json\/wp\/v2\/product_tag?post=5426"}],"curies":[{"name":"wp","href":"https:\/\/api.w.org\/{rel}","templated":true}]}}