{"id":5390,"date":"2026-02-03T15:39:02","date_gmt":"2026-02-03T15:39:02","guid":{"rendered":"https:\/\/demo8.izveide.id.lv\/?post_type=product&#038;p=5390"},"modified":"2026-02-03T15:39:07","modified_gmt":"2026-02-03T15:39:07","slug":"acd1639-lk","status":"publish","type":"product","link":"https:\/\/demo8.izveide.id.lv\/de\/produkt\/acd1639-lk\/","title":{"rendered":"ACD1639 LK"},"content":{"rendered":"<p><img decoding=\"async\" src=\"\/wp-content\/uploads\/2026\/01\/ACD1639-LK-PARENT_desc.jpg\"\/><\/p>\n<p><p><\/p>\n<p><b>SCHONENDER SANIT\u00c4R-UNTERHALTSREINIGER F\u00dcR ALLE BEREICHE<\/b><\/p>\n<p><b>Anwendungsgebiete:<br \/><\/b><\/p>\n<p style=\"text-align: justify; \">&#8222;ACD1639 LK&#8220; ist hochkonzentriert und besitzt deshalb noch in hoher Verd<span style=\"text-align: justify;\">\u00fc<\/span>nnung eine starke Reinigungs- kraft. Bei sachgem<span style=\"text-align: justify;\">\u00e4<\/span><span style=\"text-align: justify;\">\u00df<\/span>er Verd<span style=\"text-align: justify;\">\u00fc<\/span>nnung trocknet &#8222;ACD1639 LK&#8220; auf den gereinigten Fl<span style=\"text-align: justify;\">\u00e4<\/span>chen glasklar auf, wodurch ein unn<span style=\"text-align: justify;\">\u00f6<\/span>tiger Arbeitsaufwand durch ein Nachwischen erspart bleibt. W<span style=\"text-align: justify;\">\u00e4<\/span>hrend und nach der Reinigung verbreitet sich in den R<span style=\"text-align: justify;\">\u00e4<\/span>umen ein angenehmer desodorierender Duft.<\/p>\n<p style=\"text-align: justify; \">Kalk-, Kessel- und Urinstein sowie Seifenreste und Fettablagerungen werden leicht gel<span style=\"text-align: justify;\">\u00f6<\/span>st, ohne aggressiv gegen<span style=\"text-align: justify;\">\u00fc<\/span>ber den Materialien und der Haut zu sein.<\/p>\n<p style=\"text-align: justify; \">&#8222;ACD1639 LK&#8220; wirkt bei den angegebenen Verd<span style=\"text-align: justify;\">\u00fc<\/span>nnungen hygienisch, wodurch der Einsatz von Desinfektionsreinigern entfallen kann. S<span style=\"text-align: justify;\">\u00e4<\/span>urefeste Fliesen, Tonkacheln, Wasch- und WC-Becken, glasiertes Porzellan, Edelstahl, verchromte Armaturen, Kunststoffe u. a. werden nicht angegriffen.<\/p>\n<p style=\"\"><b>Verarbeitung:<\/b><\/p>\n<p style=\"text-align: justify; \"><span style=\"text-align: start;\">Damit ein Klartrockeneffekt erreicht wird, 25 &#8211; 200 ml (1 &#8211; 2 Tassen) <\/span><span style=\"text-align: justify;\">&#8222;ACD1639 LK&#8220; auf einen Eimer Wasser (8 Ltr.) geben.<\/span><\/p>\n<p style=\"\"><span style=\"text-align: justify;\">Bei starken, bzw. alten Ablagerungen ist die Dosis bis zum gew<\/span><span style=\"text-align: justify;\">\u00fc<\/span><span style=\"text-align: justify;\">nschten Reinigungsziel zu erh<\/span><span style=\"text-align: justify;\">\u00f6<\/span><span style=\"text-align: justify;\">hen.<\/span><\/p>\n<p style=\"text-align: justify; \"><span style=\"text-align: start;\">Nicht auf warmen Chromarmaturen anwenden und maximal handwarmes Wasser einsetzen.<\/span><\/p>\n<p style=\"text-align: justify; \"><span style=\"text-align: start;\">Bei unbekannten Materialien sollte an einer verdeckten Stelle ein Probeauftrag vorgenommen werden.<\/span><\/p>\n<p style=\"\"><b>Hinweise:<\/b><span style=\"text-align: start;\"><br \/><\/span><\/p>\n<p style=\"text-align: justify;\">&#8222;ACD1639 LK&#8220; ist ungiftig, frei von Salz-, Phosphor- und Schwefels\u00e4uren und erf\u00fcllt in seiner Abbaubarkeit die Anforderungen des deutschen Waschmittelgesetzes.<span style=\"text-align: justify;\"> <\/span>&#8222;ACD1639 LK&#8220; ist gepr\u00fcft von der S\u00e4urefliesner-Vereinigung und eingetragen in die Liste RK f\u00fcr keramische Bel\u00e4ge.<\/p>\n<p style=\"\"><b>pH:<\/b> 1,3<span style=\"text-align: justify;\"><br \/><\/span><\/p><\/p>\n","protected":false},"excerpt":{"rendered":"<p>SCHONENDER SANIT\u00c4R-UNTERHALTSREINIGER F\u00dcR ALLE BEREICHE Anwendungsgebiete: &#8222;ACD1639 LK&#8220; ist hochkonzentriert und besitzt deshalb noch in hoher Verd\u00fcnnung eine starke Reinigungs- kraft. Bei sachgem\u00e4\u00dfer Verd\u00fcnnung trocknet &#8222;ACD1639 LK&#8220; auf den gereinigten Fl\u00e4chen glasklar auf, wodurch ein unn\u00f6tiger Arbeitsaufwand durch ein Nachwischen erspart bleibt. W\u00e4hrend und nach der Reinigung verbreitet sich in den R\u00e4umen ein angenehmer desodorierender&#8230;<\/p>\n","protected":false},"featured_media":5391,"comment_status":"open","ping_status":"closed","template":"","meta":[],"product_brand":[319],"product_cat":[415,445,454],"product_tag":[],"class_list":{"0":"post-5390","1":"product","2":"type-product","3":"status-publish","4":"has-post-thumbnail","6":"product_brand-chemie-spezial","7":"product_cat-chemie-spezial-produkte","8":"product_cat-gastronomie-und-lebensmittel","9":"product_cat-sanitaer-und-baederreiniger","11":"first","12":"instock","13":"shipping-taxable","14":"purchasable","15":"product-type-variable","16":"has-default-attributes"},"_links":{"self":[{"href":"https:\/\/demo8.izveide.id.lv\/de\/wp-json\/wp\/v2\/product\/5390","targetHints":{"allow":["GET"]}}],"collection":[{"href":"https:\/\/demo8.izveide.id.lv\/de\/wp-json\/wp\/v2\/product"}],"about":[{"href":"https:\/\/demo8.izveide.id.lv\/de\/wp-json\/wp\/v2\/types\/product"}],"replies":[{"embeddable":true,"href":"https:\/\/demo8.izveide.id.lv\/de\/wp-json\/wp\/v2\/comments?post=5390"}],"wp:featuredmedia":[{"embeddable":true,"href":"https:\/\/demo8.izveide.id.lv\/de\/wp-json\/wp\/v2\/media\/5391"}],"wp:attachment":[{"href":"https:\/\/demo8.izveide.id.lv\/de\/wp-json\/wp\/v2\/media?parent=5390"}],"wp:term":[{"taxonomy":"product_brand","embeddable":true,"href":"https:\/\/demo8.izveide.id.lv\/de\/wp-json\/wp\/v2\/product_brand?post=5390"},{"taxonomy":"product_cat","embeddable":true,"href":"https:\/\/demo8.izveide.id.lv\/de\/wp-json\/wp\/v2\/product_cat?post=5390"},{"taxonomy":"product_tag","embeddable":true,"href":"https:\/\/demo8.izveide.id.lv\/de\/wp-json\/wp\/v2\/product_tag?post=5390"}],"curies":[{"name":"wp","href":"https:\/\/api.w.org\/{rel}","templated":true}]}}