{"id":5366,"date":"2026-02-03T15:38:55","date_gmt":"2026-02-03T15:38:55","guid":{"rendered":"https:\/\/demo8.izveide.id.lv\/?post_type=product&#038;p=5366"},"modified":"2026-02-03T15:39:07","modified_gmt":"2026-02-03T15:39:07","slug":"neu72-lk","status":"publish","type":"product","link":"https:\/\/demo8.izveide.id.lv\/de\/produkt\/neu72-lk\/","title":{"rendered":"NEU72 LK"},"content":{"rendered":"<p><img decoding=\"async\" src=\"\/wp-content\/uploads\/2026\/01\/NEU72-LK-PARENT_desc.jpg\"\/><\/p>\n<p><p><\/p>\n<p><b>ALDEHYD- UND PHENOLFREI, HEPATITIS B- UND HIV-VIRUS WIRKSAM<\/b><\/p>\n<p><b>Anwendungsgebiete:<br \/><\/b><\/p>\n<p style=\"text-align: justify; \">&#8222;NEU72 LK&#8220; ist ein neuartiger, multifunktioneller Desinfektionsreiniger zur Bek\u00e4mpfung von Mikroorganismen (Bakterien wie z.B. Escherichia coli, Pseudomonas aeruginosa, Staphylococcus aureus, Salmonella spec., Proteus vulgaris sowie Legionellen-Bakterien, Hefen wie z.B. Saccharomyces cerevisiae, Torulopsis utilis, Pilzen wie Aspergillus niger, Penicillium spec., Monilia spec. Und Viren wie HIV und Hepatitis B). <\/p>\n<p style=\"text-align: justify; \"><b>Einsatzbereich<\/b> <\/p>\n<p style=\"text-align: justify; \">Durch die Wirkstoffkombination k\u00f6nnen die oben aufgef\u00fchrten Mikroorganismen in der Lebensmittelindustrie (Schlachth\u00f6fe, Gastronomie im Allgemeinen, Gro\u00dfk\u00fcchen usw.), Krankenh\u00e4usern, Schwimmb\u00e4dern und mikrobiologischen Forschungseinrichtungen wirkungsvoll beseitigt werden. <\/p>\n<p style=\"text-align: justify; \"><span style=\"letter-spacing: normal;\">&#8222;NEU72 LK&#8220;<\/span> kann auch zur Reinigung und Desinfektion von Stra\u00dfenk\u00fcbeln (Abfallsammelbeh\u00e4lter) verwendet werden. Dar\u00fcber hinaus ist <span style=\"letter-spacing: normal;\">&#8222;NEU72 LK&#8220;<\/span> auch zur vorbeugenden Reinigung von Klimaanlagen gegen die Legionellenkeime geeignet.<\/p>\n<p style=\"text-align: justify; \"><b>Produktvorteile\/-eigenschaften<\/b> <\/p>\n<p style=\"text-align: justify; \">&#8211; Reinigt und desinfiziert. <\/p>\n<p style=\"text-align: justify; \">&#8211; Fungizid, bakterizid und virusinaktivierend. <\/p>\n<p style=\"text-align: justify; \">&#8211; Wirksam gegen Hepatitis B und HIV- Viren. <\/p>\n<p style=\"text-align: justify; \">&#8211; Materialschonend. <\/p>\n<p style=\"text-align: justify; \">&#8211; Geruchsneutral.<\/p>\n<p style=\"\"><b>Verarbeitung:<\/b><\/p>\n<p style=\"text-align: justify; \"><b>Anwendung und Dosierung<\/b> <\/p>\n<p style=\"text-align: justify; \">F\u00fcr wasserbest\u00e4ndige, nichtpor\u00f6se Bodenbel\u00e4ge, Materialien und Oberfl\u00e4chen. Je Konzentration sind folgende Einwirkzeiten zu beachten: <\/p>\n<p style=\"text-align: justify; \"><span style=\"text-decoration-line: underline;\">Konzentration in Gegenwart von niedriger organischer Belastung<\/span>: <\/p>\n<p style=\"text-align: justify; \">\u2022 100ml auf 5 Liter Wasser 15-30 Minuten Einwirkzeit <\/p>\n<p style=\"text-align: justify; \">\u2022 50ml auf 5 Liter Wasser 60Minuten Einwirkzeit <\/p>\n<p style=\"text-align: justify; \">\u2022 25ml auf 5 Liter Wasser 240 Minuten Einwirkzeit <\/p>\n<p style=\"text-align: justify; \"><span style=\"text-decoration-line: underline;\">Konzentration in Gegenwart von hoher organischer Belastung<\/span>: <\/p>\n<p style=\"text-align: justify; \">\u2022 100ml auf 5 Liter Wasser 15-60 Minuten Einwirkzeit <\/p>\n<p style=\"text-align: justify; \">\u2022 50ml auf 5 Liter Wasser 240 Minuten Einwirkzeit <\/p>\n<p style=\"text-align: justify; \"><span style=\"text-decoration-line: underline;\">Wirkung gegen Salmonellen und Legionellen<\/span>: <\/p>\n<p style=\"text-align: justify; \">200ml auf 5 Liter Wasser: 45 Minuten bis1 Std. Einwirkzeit <\/p>\n<p style=\"text-align: justify; \"><span style=\"text-decoration-line: underline;\">Wirkung gegen Hepatitis B-Viren<\/span>: <\/p>\n<p style=\"text-align: justify; \">50ml auf 5 Liter Wasser: 1Std. (bei niederer organischer Belastung); <\/p>\n<p style=\"text-align: justify; \">100ml auf 5 Liter Wasser: 2 Std. (bei hoher organischer Belastung). <\/p>\n<p style=\"text-align: justify; \">Nach der Desinfektion die behandelten Fl\u00e4chen und Gegenst\u00e4nde mit sauberem Wasser nachwaschen und trocknen, es ist keine weitere Wartezeit f\u00fcr die folgende Verwendung erforderlich.<\/p>\n<p style=\"\"><b>Hinweise:<\/b><\/p>\n<p style=\"text-align: justify; \">Inhaltsstoffe gem. EG 648\/2004: \u00fcber 5% jedoch weniger als 15% Desinfektionsmittel (kationische Tenside) In 100g sind als Wirkstoff enthalten: 3,35g Didecyldimethylammoniumchlorid, 3,35g Quatern\u00e4re Ammoniumverbindungen, benzyl-C12-C16-alkyldimethylchlorid, 3,3g Quatern\u00e4re Ammoniumverbindungen, C12-14-Alkyl[(ethylphenyl)methyl]dimethyl-, Chloride, Isopropanol. <\/p>\n<p style=\"text-align: justify; \">Weitere Inhaltsstoffe: Duftstoffe.<\/p>\n<p style=\"\"><b>pH:<\/b> 7,4 (Konz.)<\/p><\/p>\n","protected":false},"excerpt":{"rendered":"<p>ALDEHYD- UND PHENOLFREI, HEPATITIS B- UND HIV-VIRUS WIRKSAM Anwendungsgebiete: &#8222;NEU72 LK&#8220; ist ein neuartiger, multifunktioneller Desinfektionsreiniger zur Bek\u00e4mpfung von Mikroorganismen (Bakterien wie z.B. Escherichia coli, Pseudomonas aeruginosa, Staphylococcus aureus, Salmonella spec., Proteus vulgaris sowie Legionellen-Bakterien, Hefen wie z.B. Saccharomyces cerevisiae, Torulopsis utilis, Pilzen wie Aspergillus niger, Penicillium spec., Monilia spec. Und Viren wie HIV und&#8230;<\/p>\n","protected":false},"featured_media":5367,"comment_status":"open","ping_status":"closed","template":"","meta":[],"product_brand":[319],"product_cat":[415,457,445],"product_tag":[],"class_list":{"0":"post-5366","1":"product","2":"type-product","3":"status-publish","4":"has-post-thumbnail","6":"product_brand-chemie-spezial","7":"product_cat-chemie-spezial-produkte","8":"product_cat-desinfektionsmittel-und-reiniger","9":"product_cat-gastronomie-und-lebensmittel","11":"first","12":"instock","13":"shipping-taxable","14":"purchasable","15":"product-type-variable","16":"has-default-attributes"},"_links":{"self":[{"href":"https:\/\/demo8.izveide.id.lv\/de\/wp-json\/wp\/v2\/product\/5366","targetHints":{"allow":["GET"]}}],"collection":[{"href":"https:\/\/demo8.izveide.id.lv\/de\/wp-json\/wp\/v2\/product"}],"about":[{"href":"https:\/\/demo8.izveide.id.lv\/de\/wp-json\/wp\/v2\/types\/product"}],"replies":[{"embeddable":true,"href":"https:\/\/demo8.izveide.id.lv\/de\/wp-json\/wp\/v2\/comments?post=5366"}],"wp:featuredmedia":[{"embeddable":true,"href":"https:\/\/demo8.izveide.id.lv\/de\/wp-json\/wp\/v2\/media\/5367"}],"wp:attachment":[{"href":"https:\/\/demo8.izveide.id.lv\/de\/wp-json\/wp\/v2\/media?parent=5366"}],"wp:term":[{"taxonomy":"product_brand","embeddable":true,"href":"https:\/\/demo8.izveide.id.lv\/de\/wp-json\/wp\/v2\/product_brand?post=5366"},{"taxonomy":"product_cat","embeddable":true,"href":"https:\/\/demo8.izveide.id.lv\/de\/wp-json\/wp\/v2\/product_cat?post=5366"},{"taxonomy":"product_tag","embeddable":true,"href":"https:\/\/demo8.izveide.id.lv\/de\/wp-json\/wp\/v2\/product_tag?post=5366"}],"curies":[{"name":"wp","href":"https:\/\/api.w.org\/{rel}","templated":true}]}}