{"id":5222,"date":"2026-02-03T15:38:11","date_gmt":"2026-02-03T15:38:11","guid":{"rendered":"https:\/\/demo8.izveide.id.lv\/?post_type=product&#038;p=5222"},"modified":"2026-02-03T15:38:16","modified_gmt":"2026-02-03T15:38:16","slug":"grsw-468","status":"publish","type":"product","link":"https:\/\/demo8.izveide.id.lv\/de\/produkt\/grsw-468\/","title":{"rendered":"GRSW 468"},"content":{"rendered":"<p><img decoding=\"async\" src=\"\/wp-content\/uploads\/2026\/01\/GRSW-468-PARENT_desc.jpg\"\/><\/p>\n<p><p><\/p>\n<p><b>ZAHNRADSCHUTZSPRAY<\/b><\/p>\n<p style=\"text-align: justify; \"><b>&#8222;GRSW 468&#8220;<\/b> <\/p>\n<p style=\"text-align: justify; \">ist hervorragend geeignet zur Schmierung von Zahnr\u00e4dern, Zahnstangen, Ketten und Zugseilen. Wirkt ger\u00e4uschd\u00e4mmend, sorgt f\u00fcr einen ruhigen Lauf und sch\u00fctzt vor Verschlei\u00df und Korrosion. Bildet einen trockenen Haft-, druckfesten Schutz- und Schmierfilm. Dieser ist z\u00e4helastisch und wasserfest. Keine Verspr\u00f6dung bei K\u00e4lte, temperaturbest\u00e4ndiger Festschmierstofffilm bis ca. +300 \u00b0C.<b><br \/><\/b><\/p>\n<p style=\"text-align: justify; \"><b>Eigenschaften:<\/b> <\/p>\n<p style=\"text-align: justify; \">&#8211; wirkt ger\u00e4uschd\u00e4mmend <\/p>\n<p style=\"text-align: justify; \">&#8211; sorgt f\u00fcr einen ruhigen Lauf <\/p>\n<p style=\"text-align: justify; \">&#8211; sch\u00fctzt vor Verschlei\u00df und Korrosion <\/p>\n<p style=\"text-align: justify; \">&#8211; bildet einen trockenen, nicht staubenden, haft-, druck- und sto\u00dffesten Schutz- und Schmierfilm <\/p>\n<p style=\"text-align: justify; \">&#8211; bietet bei K\u00e4lte einen guten Schutz vor Verspr\u00f6dung.<\/p>\n<p style=\"text-align: justify; \"><b>Anwendung:<\/b> <\/p>\n<p style=\"text-align: justify; \">Aufgrund der hohen W\u00e4rmebest\u00e4ndigkeit eignet sich das <span style=\"letter-spacing: normal;\">&#8222;GRSW 468&#8220;<\/span> besonders f\u00fcr den Einsatz bei hoher Strahlungs- oder Leitungsw\u00e4rme. In erster Linie also f\u00fcr Ofenbetriebe, Maschinen, die bei hochsommerlicher Hitze im Freien arbeiten, Antriebe von Walzenstra\u00dfen, Rollg\u00e4ngen usw.<\/p>\n<p style=\"text-align: justify; \"><b>Arbeitsvorbereitung:<\/b> <\/p>\n<p style=\"text-align: justify; \">Dose vor Gebrauch gut sch\u00fctteln. Zu behandelnde Teile aus einem Abstand von ca. 20 cm ausreichend bespr\u00fchen. Einwirkzeit ca. 10 Minuten. Danach ist die Inbetriebnahme m\u00f6glich.<\/p>\n<p style=\"text-align: justify; \"><b>Technische Daten:<\/b> <\/p>\n<p style=\"text-align: justify; \">Farbe: schwarz <\/p>\n<p style=\"text-align: justify; \">Temperaturbest\u00e4ndigkeit: bis ca. +300 \u00b0C <\/p>\n<p style=\"text-align: justify; \">Lagertemperatur: +5 \u00b0C bis max. +25 \u00b0C<\/p><\/p>\n","protected":false},"excerpt":{"rendered":"<p>ZAHNRADSCHUTZSPRAY &#8222;GRSW 468&#8220; ist hervorragend geeignet zur Schmierung von Zahnr\u00e4dern, Zahnstangen, Ketten und Zugseilen. Wirkt ger\u00e4uschd\u00e4mmend, sorgt f\u00fcr einen ruhigen Lauf und sch\u00fctzt vor Verschlei\u00df und Korrosion. Bildet einen trockenen Haft-, druckfesten Schutz- und Schmierfilm. Dieser ist z\u00e4helastisch und wasserfest. Keine Verspr\u00f6dung bei K\u00e4lte, temperaturbest\u00e4ndiger Festschmierstofffilm bis ca. +300 \u00b0C. Eigenschaften: &#8211; wirkt ger\u00e4uschd\u00e4mmend &#8211;&#8230;<\/p>\n","protected":false},"featured_media":5223,"comment_status":"open","ping_status":"closed","template":"","meta":[],"product_brand":[319],"product_cat":[415,463,460,466],"product_tag":[],"class_list":{"0":"post-5222","1":"product","2":"type-product","3":"status-publish","4":"has-post-thumbnail","6":"product_brand-chemie-spezial","7":"product_cat-chemie-spezial-produkte","8":"product_cat-schmierstoffe","9":"product_cat-technische-sprays","10":"product_cat-wartung-und-instandhaltung-korrosionsschutz","12":"first","13":"instock","14":"shipping-taxable","15":"purchasable","16":"product-type-variable","17":"has-default-attributes"},"_links":{"self":[{"href":"https:\/\/demo8.izveide.id.lv\/de\/wp-json\/wp\/v2\/product\/5222","targetHints":{"allow":["GET"]}}],"collection":[{"href":"https:\/\/demo8.izveide.id.lv\/de\/wp-json\/wp\/v2\/product"}],"about":[{"href":"https:\/\/demo8.izveide.id.lv\/de\/wp-json\/wp\/v2\/types\/product"}],"replies":[{"embeddable":true,"href":"https:\/\/demo8.izveide.id.lv\/de\/wp-json\/wp\/v2\/comments?post=5222"}],"wp:featuredmedia":[{"embeddable":true,"href":"https:\/\/demo8.izveide.id.lv\/de\/wp-json\/wp\/v2\/media\/5223"}],"wp:attachment":[{"href":"https:\/\/demo8.izveide.id.lv\/de\/wp-json\/wp\/v2\/media?parent=5222"}],"wp:term":[{"taxonomy":"product_brand","embeddable":true,"href":"https:\/\/demo8.izveide.id.lv\/de\/wp-json\/wp\/v2\/product_brand?post=5222"},{"taxonomy":"product_cat","embeddable":true,"href":"https:\/\/demo8.izveide.id.lv\/de\/wp-json\/wp\/v2\/product_cat?post=5222"},{"taxonomy":"product_tag","embeddable":true,"href":"https:\/\/demo8.izveide.id.lv\/de\/wp-json\/wp\/v2\/product_tag?post=5222"}],"curies":[{"name":"wp","href":"https:\/\/api.w.org\/{rel}","templated":true}]}}