{"id":5195,"date":"2026-02-03T15:38:04","date_gmt":"2026-02-03T15:38:04","guid":{"rendered":"https:\/\/demo8.izveide.id.lv\/?post_type=product&#038;p=5195"},"modified":"2026-02-03T15:38:15","modified_gmt":"2026-02-03T15:38:15","slug":"clnw-1200","status":"publish","type":"product","link":"https:\/\/demo8.izveide.id.lv\/de\/produkt\/clnw-1200\/","title":{"rendered":"CLNW 1200"},"content":{"rendered":"<p><img decoding=\"async\" src=\"\/wp-content\/uploads\/2026\/01\/CLNW-1200-PARENT_desc.jpg\"\/><\/p>\n<p><p><\/p>\n<p><b>BRENNERREINIGER<\/b><\/p>\n<p style=\"text-align: justify; \"><b>&#8222;CLNW 1200&#8220;<\/b> <\/p>\n<p style=\"text-align: justify; \">zur r\u00fcckstandslosen Reinigung stark verschmutzter Brennerteile, wie z.B. D\u00fcsen und Stauscheiben. An Luft- oder Gasd\u00fcsen k\u00f6nnen sich \u00d6l und Ru\u00dfnebel niederschlagen, diese zum Teil verkoksten Bel\u00e4ge beeinflussen das Verh\u00e4ltnis von vernebeltem Brennstoff zur Verbrennungsluft, was zur Verru\u00dfung des Kessels f\u00fchren kann. <span style=\"letter-spacing: normal;\">&#8222;CLNW 1200&#8220;<\/span> dient zur r\u00fcckstandslosen Reinigung und Entfettung aller blanken Metalloberfl\u00e4chen, l\u00f6st \u00d6l, Fett, Schmutz und Wachs durch Aufspr\u00fchen.<b><br \/><\/b><\/p>\n<p style=\"text-align: justify; \"><b>Anwendung:<\/b> <\/p>\n<p style=\"text-align: justify; \">Entfernen von \u00d6l- und fetthaltigen Verschmutzungen sowie R\u00fcckst\u00e4nden an: <\/p>\n<p style=\"text-align: justify; \">&#8211; D\u00fcsenst\u00f6cken <\/p>\n<p style=\"text-align: justify; \">&#8211; Stauscheiben<\/p>\n<p style=\"text-align: justify; \">&#8211; Gebl\u00e4se- und Luftr\u00e4dern <\/p>\n<p style=\"text-align: justify; \">&#8211; Z\u00fcndelektroden usw. <\/p>\n<p style=\"text-align: justify; \">&#8211; und in Innengeh\u00e4usen.<\/p>\n<p style=\"text-align: justify; \"><b>Hinweis:<\/b> <\/p>\n<p style=\"text-align: justify; \">Teile aus Gummi und Kunststoff k\u00f6nnen bei zu langer Einwirkzeit aufquellen und besch\u00e4digt werden.<\/p>\n<p style=\"text-align: justify; \"><b>Technische Daten:<\/b> <\/p>\n<p style=\"text-align: justify; \">Farbe: farblos <\/p>\n<p style=\"text-align: justify; \">Geruch: typisch nach L\u00f6semittel <\/p>\n<p style=\"text-align: justify; \">Lagertemperatur: +5 \u00b0C bis max. +25 \u00b0C<\/p><\/p>\n","protected":false},"excerpt":{"rendered":"<p>BRENNERREINIGER &#8222;CLNW 1200&#8220; zur r\u00fcckstandslosen Reinigung stark verschmutzter Brennerteile, wie z.B. D\u00fcsen und Stauscheiben. An Luft- oder Gasd\u00fcsen k\u00f6nnen sich \u00d6l und Ru\u00dfnebel niederschlagen, diese zum Teil verkoksten Bel\u00e4ge beeinflussen das Verh\u00e4ltnis von vernebeltem Brennstoff zur Verbrennungsluft, was zur Verru\u00dfung des Kessels f\u00fchren kann. &#8222;CLNW 1200&#8220; dient zur r\u00fcckstandslosen Reinigung und Entfettung aller blanken Metalloberfl\u00e4chen,&#8230;<\/p>\n","protected":false},"featured_media":5196,"comment_status":"open","ping_status":"closed","template":"","meta":[],"product_brand":[319],"product_cat":[415,469,460,466],"product_tag":[],"class_list":{"0":"post-5195","1":"product","2":"type-product","3":"status-publish","4":"has-post-thumbnail","6":"product_brand-chemie-spezial","7":"product_cat-chemie-spezial-produkte","8":"product_cat-reinigung","9":"product_cat-technische-sprays","10":"product_cat-wartung-und-instandhaltung-korrosionsschutz","12":"first","13":"instock","14":"shipping-taxable","15":"purchasable","16":"product-type-variable","17":"has-default-attributes"},"_links":{"self":[{"href":"https:\/\/demo8.izveide.id.lv\/de\/wp-json\/wp\/v2\/product\/5195","targetHints":{"allow":["GET"]}}],"collection":[{"href":"https:\/\/demo8.izveide.id.lv\/de\/wp-json\/wp\/v2\/product"}],"about":[{"href":"https:\/\/demo8.izveide.id.lv\/de\/wp-json\/wp\/v2\/types\/product"}],"replies":[{"embeddable":true,"href":"https:\/\/demo8.izveide.id.lv\/de\/wp-json\/wp\/v2\/comments?post=5195"}],"wp:featuredmedia":[{"embeddable":true,"href":"https:\/\/demo8.izveide.id.lv\/de\/wp-json\/wp\/v2\/media\/5196"}],"wp:attachment":[{"href":"https:\/\/demo8.izveide.id.lv\/de\/wp-json\/wp\/v2\/media?parent=5195"}],"wp:term":[{"taxonomy":"product_brand","embeddable":true,"href":"https:\/\/demo8.izveide.id.lv\/de\/wp-json\/wp\/v2\/product_brand?post=5195"},{"taxonomy":"product_cat","embeddable":true,"href":"https:\/\/demo8.izveide.id.lv\/de\/wp-json\/wp\/v2\/product_cat?post=5195"},{"taxonomy":"product_tag","embeddable":true,"href":"https:\/\/demo8.izveide.id.lv\/de\/wp-json\/wp\/v2\/product_tag?post=5195"}],"curies":[{"name":"wp","href":"https:\/\/api.w.org\/{rel}","templated":true}]}}