{"id":5147,"date":"2026-02-03T15:37:46","date_gmt":"2026-02-03T15:37:46","guid":{"rendered":"https:\/\/demo8.izveide.id.lv\/?post_type=product&#038;p=5147"},"modified":"2026-02-03T15:38:00","modified_gmt":"2026-02-03T15:38:00","slug":"alk1501-lk","status":"publish","type":"product","link":"https:\/\/demo8.izveide.id.lv\/de\/produkt\/alk1501-lk\/","title":{"rendered":"ALK1501 LK"},"content":{"rendered":"<p><img decoding=\"async\" src=\"\/wp-content\/uploads\/2026\/01\/ALK1501-LK-PARENT_desc.jpg\"\/><\/p>\n<p><p><\/p>\n<p><b>GRUNDREINIGER F\u00dcR LAMINAT UND VERSIEGELTES PARKETT<\/b><\/p>\n<p style=\"text-align: justify; \"><b>Anwendungsgebiete:<\/b> <\/p>\n<p style=\"text-align: justify; \">&#8222;ALK1501 LK&#8220; ist ein optimierter Grundreiniger f\u00fcr alle Holz- und Laminatbel\u00e4ge. <\/p>\n<p style=\"text-align: justify; \"><span style=\"letter-spacing: normal;\">&#8222;ALK1501 LK&#8220;<\/span> entfernt m\u00fchelos alle Arten von alten Wachs-, \u00d6l- und Beschichtungsresten.<b><br \/><\/b><\/p>\n<p style=\"text-align: justify; \"><b>Verarbeitung:<\/b> <\/p>\n<p style=\"text-align: justify; \"><span style=\"letter-spacing: normal;\">&#8222;ALK1501 LK&#8220;<\/span> kann f\u00fcr die manuelle und maschinelle Reinigung eingesetzt werden. Nach der Anwendung gr\u00fcndlich aufnehmen. Vor einer Neubeschichtung oder Einpflege mehrfach nebelfeucht mit klarem Wasser Nachwischen. <\/p>\n<p style=\"text-align: justify; \"><b>Dosierung:<\/b> <\/p>\n<p style=\"text-align: justify; \"><span style=\"letter-spacing: normal;\">&#8222;ALK1501 LK&#8220;<\/span> mit kaltem bis maximal handwarmen Wasser anwenden. Mop oder Tuch gut auspressen und stehende N\u00e4sse vermeiden. Die Dosierung sollte je nach Grad der Verschmutzung\/ Beschichtung 100 \u2013 1000ml auf 10 Liter Wasser betragen.<\/p><\/p>\n","protected":false},"excerpt":{"rendered":"<p>GRUNDREINIGER F\u00dcR LAMINAT UND VERSIEGELTES PARKETT Anwendungsgebiete: &#8222;ALK1501 LK&#8220; ist ein optimierter Grundreiniger f\u00fcr alle Holz- und Laminatbel\u00e4ge. &#8222;ALK1501 LK&#8220; entfernt m\u00fchelos alle Arten von alten Wachs-, \u00d6l- und Beschichtungsresten. Verarbeitung: &#8222;ALK1501 LK&#8220; kann f\u00fcr die manuelle und maschinelle Reinigung eingesetzt werden. Nach der Anwendung gr\u00fcndlich aufnehmen. Vor einer Neubeschichtung oder Einpflege mehrfach nebelfeucht mit&#8230;<\/p>\n","protected":false},"featured_media":5148,"comment_status":"open","ping_status":"closed","template":"","meta":[],"product_brand":[319],"product_cat":[415,472,475],"product_tag":[],"class_list":{"0":"post-5147","1":"product","2":"type-product","3":"status-publish","4":"has-post-thumbnail","6":"product_brand-chemie-spezial","7":"product_cat-chemie-spezial-produkte","8":"product_cat-gebaeudereinigung","9":"product_cat-holzbehandlung","11":"first","12":"instock","13":"shipping-taxable","14":"purchasable","15":"product-type-variable","16":"has-default-attributes"},"_links":{"self":[{"href":"https:\/\/demo8.izveide.id.lv\/de\/wp-json\/wp\/v2\/product\/5147","targetHints":{"allow":["GET"]}}],"collection":[{"href":"https:\/\/demo8.izveide.id.lv\/de\/wp-json\/wp\/v2\/product"}],"about":[{"href":"https:\/\/demo8.izveide.id.lv\/de\/wp-json\/wp\/v2\/types\/product"}],"replies":[{"embeddable":true,"href":"https:\/\/demo8.izveide.id.lv\/de\/wp-json\/wp\/v2\/comments?post=5147"}],"wp:featuredmedia":[{"embeddable":true,"href":"https:\/\/demo8.izveide.id.lv\/de\/wp-json\/wp\/v2\/media\/5148"}],"wp:attachment":[{"href":"https:\/\/demo8.izveide.id.lv\/de\/wp-json\/wp\/v2\/media?parent=5147"}],"wp:term":[{"taxonomy":"product_brand","embeddable":true,"href":"https:\/\/demo8.izveide.id.lv\/de\/wp-json\/wp\/v2\/product_brand?post=5147"},{"taxonomy":"product_cat","embeddable":true,"href":"https:\/\/demo8.izveide.id.lv\/de\/wp-json\/wp\/v2\/product_cat?post=5147"},{"taxonomy":"product_tag","embeddable":true,"href":"https:\/\/demo8.izveide.id.lv\/de\/wp-json\/wp\/v2\/product_tag?post=5147"}],"curies":[{"name":"wp","href":"https:\/\/api.w.org\/{rel}","templated":true}]}}