{"id":5135,"date":"2026-02-03T15:37:44","date_gmt":"2026-02-03T15:37:44","guid":{"rendered":"https:\/\/demo8.izveide.id.lv\/?post_type=product&#038;p=5135"},"modified":"2026-02-03T15:37:48","modified_gmt":"2026-02-03T15:37:48","slug":"acd1419-lk","status":"publish","type":"product","link":"https:\/\/demo8.izveide.id.lv\/de\/produkt\/acd1419-lk\/","title":{"rendered":"ACD1419 LK"},"content":{"rendered":"<p><img decoding=\"async\" src=\"\/wp-content\/uploads\/2026\/01\/ACD1419-LK-PARENT_desc.jpg\"\/><\/p>\n<p><p><\/p>\n<p><b>HOCHWIRKSAMES SPEZIALPRODUKT ZUR HOLZAUFFRISCHUNG<\/b><\/p>\n<p style=\"text-align: justify; \"><b>Anwendungsgebiete:<\/b> <\/p>\n<p style=\"text-align: justify; \">&#8222;ACD1419 LK&#8220; wird zur Auffrischung und Reinigung von ausgeblichenem und vergrautem Holz im Au\u00dfenbereich eingesetzt. Behandelte Holzoberfl\u00e4chen erhalten ihr nahezu neuwertiges Aussehen wieder. Der urspr\u00fcngliche Charakter wird wieder hergestellt.<\/p>\n<p style=\"text-align: justify; \"><b>Einsatzgebiete:<\/b> <\/p>\n<p style=\"text-align: justify; \">Gartenm\u00f6bel, Holzz\u00e4une, Palisaden, Ger\u00e4teh\u00e4user, Holzterassen, Carports und Pflanzkasten.<b><br \/><\/b><\/p>\n<p style=\"text-align: justify; \"><b>Verarbeitung:<\/b> <\/p>\n<p style=\"text-align: justify; \">Die zu behandelnden Fl\u00e4chen vorab mit Wasser anfeuchten. <span style=\"letter-spacing: normal;\">&#8222;ACD1419 LK&#8220;<\/span> je nach Intensit\u00e4t der Vergrauung, pur oder bis 1:5 mit Wasser verd\u00fcnnt auftragen. Mit einer harten Wurzelb\u00fcrstein Faserrichtung in das Holz einb\u00fcrsten. Nach 10 &#8211; 15 Minuten Einwirkzeit die nun gel\u00f6ste Vergrauung mit einem harten Wasserstrahl entfernen. Nicht auf blanken Metallteilen verwenden. <\/p>\n<p style=\"text-align: justify; \">Nach Trocknung mit entsprechenden Pflege\u00f6len nachbehandeln.<\/p>\n<p style=\"text-align: justify; \"><b>Hinweise:<\/b> <\/p>\n<p style=\"text-align: justify; \">Vor Gebrauch sch\u00fctteln!<\/p>\n<p style=\"\"><b>pH:<\/b> 1,0 (Konz.)<\/p><\/p>\n","protected":false},"excerpt":{"rendered":"<p>HOCHWIRKSAMES SPEZIALPRODUKT ZUR HOLZAUFFRISCHUNG Anwendungsgebiete: &#8222;ACD1419 LK&#8220; wird zur Auffrischung und Reinigung von ausgeblichenem und vergrautem Holz im Au\u00dfenbereich eingesetzt. Behandelte Holzoberfl\u00e4chen erhalten ihr nahezu neuwertiges Aussehen wieder. Der urspr\u00fcngliche Charakter wird wieder hergestellt. Einsatzgebiete: Gartenm\u00f6bel, Holzz\u00e4une, Palisaden, Ger\u00e4teh\u00e4user, Holzterassen, Carports und Pflanzkasten. Verarbeitung: Die zu behandelnden Fl\u00e4chen vorab mit Wasser anfeuchten. &#8222;ACD1419 LK&#8220; je&#8230;<\/p>\n","protected":false},"featured_media":5136,"comment_status":"open","ping_status":"closed","template":"","meta":[],"product_brand":[319],"product_cat":[415,472,475],"product_tag":[],"class_list":{"0":"post-5135","1":"product","2":"type-product","3":"status-publish","4":"has-post-thumbnail","6":"product_brand-chemie-spezial","7":"product_cat-chemie-spezial-produkte","8":"product_cat-gebaeudereinigung","9":"product_cat-holzbehandlung","11":"first","12":"instock","13":"shipping-taxable","14":"purchasable","15":"product-type-variable","16":"has-default-attributes"},"_links":{"self":[{"href":"https:\/\/demo8.izveide.id.lv\/de\/wp-json\/wp\/v2\/product\/5135","targetHints":{"allow":["GET"]}}],"collection":[{"href":"https:\/\/demo8.izveide.id.lv\/de\/wp-json\/wp\/v2\/product"}],"about":[{"href":"https:\/\/demo8.izveide.id.lv\/de\/wp-json\/wp\/v2\/types\/product"}],"replies":[{"embeddable":true,"href":"https:\/\/demo8.izveide.id.lv\/de\/wp-json\/wp\/v2\/comments?post=5135"}],"wp:featuredmedia":[{"embeddable":true,"href":"https:\/\/demo8.izveide.id.lv\/de\/wp-json\/wp\/v2\/media\/5136"}],"wp:attachment":[{"href":"https:\/\/demo8.izveide.id.lv\/de\/wp-json\/wp\/v2\/media?parent=5135"}],"wp:term":[{"taxonomy":"product_brand","embeddable":true,"href":"https:\/\/demo8.izveide.id.lv\/de\/wp-json\/wp\/v2\/product_brand?post=5135"},{"taxonomy":"product_cat","embeddable":true,"href":"https:\/\/demo8.izveide.id.lv\/de\/wp-json\/wp\/v2\/product_cat?post=5135"},{"taxonomy":"product_tag","embeddable":true,"href":"https:\/\/demo8.izveide.id.lv\/de\/wp-json\/wp\/v2\/product_tag?post=5135"}],"curies":[{"name":"wp","href":"https:\/\/api.w.org\/{rel}","templated":true}]}}