{"id":5111,"date":"2026-02-03T15:37:39","date_gmt":"2026-02-03T15:37:39","guid":{"rendered":"https:\/\/demo8.izveide.id.lv\/?post_type=product&#038;p=5111"},"modified":"2026-02-03T15:37:47","modified_gmt":"2026-02-03T15:37:47","slug":"neu1356-lk","status":"publish","type":"product","link":"https:\/\/demo8.izveide.id.lv\/de\/produkt\/neu1356-lk\/","title":{"rendered":"NEU1356 LK"},"content":{"rendered":"<p><img decoding=\"async\" src=\"\/wp-content\/uploads\/2026\/01\/NEU1356-LK-PARENT_desc.jpg\"\/><\/p>\n<p><p><\/p>\n<p><b>ANTI-GRAFFITI-EMULSION. GRAFFITISCHUTZ<\/b><\/p>\n<p style=\"text-align: justify; \"><b>Anwendungsgebiete:<\/b> <\/p>\n<p style=\"text-align: justify; \">&#8222;NEU1356 LK&#8220; ist ein Beschichtungssystem auf Wachsbasis. Grobporige Wandputze, Beton-oberfl\u00e4chen und Naturstein-oberfl\u00e4chen k\u00f6nnen mit der Emulsion vor Graffiti-Farbverschmutzungen gesch\u00fctzt werden. <\/p>\n<p style=\"text-align: justify; \">Eine geringe Farbvertiefung nach der Beschichtung kann auftreten. Dieses ist vor der Anwendung an einer verdeckten Stelle zu \u00fcberpr\u00fcfen. <\/p>\n<p style=\"text-align: justify; \"><span style=\"letter-spacing: normal;\">&#8222;NEU1356 LK&#8220;<\/span> ist UV-stabil und kann sowohl im Innen- und Au\u00dfenbereichen eingesetzt werden. <\/p>\n<p style=\"text-align: justify; \">Das Produkt ist frei von gesundheitssch\u00e4digen L\u00f6sungsmitteln.<b><br \/><\/b><\/p>\n<p style=\"text-align: justify; \"><b>Verarbeitung:<\/b> <\/p>\n<p style=\"text-align: justify; \"><span style=\"letter-spacing: normal;\">&#8222;NEU1356 LK&#8220;<\/span> wird als Konzentrat auf die vorgereinigten, trockenen Fl\u00e4chen aufgetragen. <\/p>\n<p style=\"text-align: justify; \">Der Auftrag der Emulsion erfolgt \u00fcber ein Spr\u00fchsystem oder manuell mit einem Quast. Die Trocknungszeit ist je nach Umgebungstemperatur 4 &#8211; 8 Stunden. Eine Verarbeitung der Emulsion bei einer Au\u00dfentemperatur &lt;10 \u00b0C sollte vermieden werden. <\/p>\n<p style=\"text-align: justify; \">Der Anti-Graffiti-Schutzfilm kann mit warmen Wasser und einem Hochdruckger\u00e4t von den Oberfl\u00e4chen abgel\u00f6st werden. Der Einsatz von leicht alkalischen Reinigungsmedien erleichtert das Abl\u00f6sen der Opferschicht. <\/p>\n<p style=\"text-align: justify; \"><span style=\"letter-spacing: normal;\">&#8222;NEU1356 LK&#8220;<\/span> konzentriert auf die zu sch\u00fctzende Fl\u00e4che auftragen.<\/p>\n<p style=\"\"><b>Hinweise:<br \/><\/b><\/p>\n<p style=\"text-align: justify; \">Die Verarbeitung sollte nur auf senkrechten Fl\u00e4chen erfolgen. Bei der Beschichtung in Au\u00dfenbereichen sollte es 4 &#8211; 6 Stunden nicht regnen.<b><br \/><\/b><\/p>\n<p style=\"text-align: justify; \"><b>pH:<\/b> 7 (Konz.)<\/p><\/p>\n","protected":false},"excerpt":{"rendered":"<p>ANTI-GRAFFITI-EMULSION. GRAFFITISCHUTZ Anwendungsgebiete: &#8222;NEU1356 LK&#8220; ist ein Beschichtungssystem auf Wachsbasis. Grobporige Wandputze, Beton-oberfl\u00e4chen und Naturstein-oberfl\u00e4chen k\u00f6nnen mit der Emulsion vor Graffiti-Farbverschmutzungen gesch\u00fctzt werden. Eine geringe Farbvertiefung nach der Beschichtung kann auftreten. Dieses ist vor der Anwendung an einer verdeckten Stelle zu \u00fcberpr\u00fcfen. &#8222;NEU1356 LK&#8220; ist UV-stabil und kann sowohl im Innen- und Au\u00dfenbereichen eingesetzt werden&#8230;.<\/p>\n","protected":false},"featured_media":5112,"comment_status":"open","ping_status":"closed","template":"","meta":[],"product_brand":[319],"product_cat":[415,478,472],"product_tag":[],"class_list":{"0":"post-5111","1":"product","2":"type-product","3":"status-publish","4":"has-post-thumbnail","6":"product_brand-chemie-spezial","7":"product_cat-chemie-spezial-produkte","8":"product_cat-farb-und-graffiti-loeser-und-schutz","9":"product_cat-gebaeudereinigung","11":"first","12":"instock","13":"shipping-taxable","14":"purchasable","15":"product-type-variable","16":"has-default-attributes"},"_links":{"self":[{"href":"https:\/\/demo8.izveide.id.lv\/de\/wp-json\/wp\/v2\/product\/5111","targetHints":{"allow":["GET"]}}],"collection":[{"href":"https:\/\/demo8.izveide.id.lv\/de\/wp-json\/wp\/v2\/product"}],"about":[{"href":"https:\/\/demo8.izveide.id.lv\/de\/wp-json\/wp\/v2\/types\/product"}],"replies":[{"embeddable":true,"href":"https:\/\/demo8.izveide.id.lv\/de\/wp-json\/wp\/v2\/comments?post=5111"}],"wp:featuredmedia":[{"embeddable":true,"href":"https:\/\/demo8.izveide.id.lv\/de\/wp-json\/wp\/v2\/media\/5112"}],"wp:attachment":[{"href":"https:\/\/demo8.izveide.id.lv\/de\/wp-json\/wp\/v2\/media?parent=5111"}],"wp:term":[{"taxonomy":"product_brand","embeddable":true,"href":"https:\/\/demo8.izveide.id.lv\/de\/wp-json\/wp\/v2\/product_brand?post=5111"},{"taxonomy":"product_cat","embeddable":true,"href":"https:\/\/demo8.izveide.id.lv\/de\/wp-json\/wp\/v2\/product_cat?post=5111"},{"taxonomy":"product_tag","embeddable":true,"href":"https:\/\/demo8.izveide.id.lv\/de\/wp-json\/wp\/v2\/product_tag?post=5111"}],"curies":[{"name":"wp","href":"https:\/\/api.w.org\/{rel}","templated":true}]}}