{"id":5099,"date":"2026-02-03T15:37:32","date_gmt":"2026-02-03T15:37:32","guid":{"rendered":"https:\/\/demo8.izveide.id.lv\/?post_type=product&#038;p=5099"},"modified":"2026-02-03T15:37:36","modified_gmt":"2026-02-03T15:37:36","slug":"slv1223-lk","status":"publish","type":"product","link":"https:\/\/demo8.izveide.id.lv\/de\/produkt\/slv1223-lk\/","title":{"rendered":"SLV1223 LK"},"content":{"rendered":"<p><img decoding=\"async\" src=\"\/wp-content\/uploads\/2026\/01\/SLV1223-LK-PARENT_desc.jpg\"\/><\/p>\n<p><p><\/p>\n<p><b>GRAFFITIENTFERNER<\/b><\/p>\n<p><b>Produkt beschreibung:<\/b><\/p>\n<p style=\"text-align: justify; \">&#8222;SLV1223 LK&#8220; ist ein umweltbewusster, gelartiger L\u00f6ser f\u00fcr Lack-, Binder-, Acryl- und Wasserfarben, sowie Filzstiftverschmutzungen von Kunststoff-, Stein-, Metall-, Lackund Glasfl\u00e4chen. <\/p>\n<p style=\"text-align: justify; \">Er enth\u00e4lt keine stark umweltbelastenden L\u00f6sungsmittel und ist ungiftig. Problemlose Farb- und Lackentfernung wurde bisher auf den unterschiedlichsten Untergr\u00fcnden erzielt. Das Produkt ist f\u00fcr eine optimale Haftung auf senkrechten Fl\u00e4chen thixotrop eingestellt.<\/p>\n<p style=\"\"><b>Verarbeitung:<\/b><\/p>\n<p style=\"text-align: justify; \"><span style=\"letter-spacing: normal;\">&#8222;SLV1223 LK&#8220;<\/span> stets unverd\u00fcnnt auftragen. <\/p>\n<p style=\"text-align: justify; \">Konzentriert mit Schwamm oder Lappen auf die zu l\u00f6senden Verschmutzungen auftragen, einwirken lassen und mit Wasser aufnehmen. <\/p>\n<p style=\"text-align: justify; \">Vorgang bis zum gew\u00fcnschten Reinigungserfolg wiederholen. <\/p>\n<p style=\"text-align: justify; \">Eventuell mit einer neutralen bis schwach alkalischen Waschl\u00f6sung aus &#8222;NEU083 LK&#8220;, &#8222;NEU085 LK&#8220; oder &#8222;ALK105 LK&#8220; nachwaschen, um die gel\u00f6sten Farbteilchen wegzuschwemmen. <\/p>\n<p style=\"text-align: justify; \">Auf lackierten Fl\u00e4chen Graffitiverschmutzungen in mehreren Schritten abtragen und nur so lange einwirken lassen, dass nur die Graffitis angel\u00f6st werden.<\/p>\n<p style=\"\"><b>Hinweise:<\/b><\/p>\n<p style=\"text-align: justify; \"><span style=\"letter-spacing: normal;\">&#8222;SLV1223 LK&#8220;<\/span> kann auch zur Beseitigung von Absatzstrichen und Staplerabrieb auf PVC- und Industriebel\u00e4gen verwendet werden. <\/p>\n<p style=\"text-align: justify; \">Zu empfehlen ist es, an verdeckter Stelle einen Probeauftrag vorzunehmen, um das Material auf Vertr\u00e4glichkeit zu testen. <\/p>\n<p style=\"text-align: justify; \"><span style=\"letter-spacing: normal;\">&#8222;SLV1223 LK&#8220;<\/span> ist nicht kennzeichnungspflichtig und besteht aus biologisch abbaubaren Inhaltsstoffen. Die Wassergef\u00e4hrdungsklasse liegt bei 1. <b><br \/><\/b><\/p><\/p>\n","protected":false},"excerpt":{"rendered":"<p>GRAFFITIENTFERNER Produkt beschreibung: &#8222;SLV1223 LK&#8220; ist ein umweltbewusster, gelartiger L\u00f6ser f\u00fcr Lack-, Binder-, Acryl- und Wasserfarben, sowie Filzstiftverschmutzungen von Kunststoff-, Stein-, Metall-, Lackund Glasfl\u00e4chen. Er enth\u00e4lt keine stark umweltbelastenden L\u00f6sungsmittel und ist ungiftig. Problemlose Farb- und Lackentfernung wurde bisher auf den unterschiedlichsten Untergr\u00fcnden erzielt. Das Produkt ist f\u00fcr eine optimale Haftung auf senkrechten Fl\u00e4chen thixotrop&#8230;<\/p>\n","protected":false},"featured_media":5100,"comment_status":"open","ping_status":"closed","template":"","meta":[],"product_brand":[319],"product_cat":[415,478,472],"product_tag":[],"class_list":{"0":"post-5099","1":"product","2":"type-product","3":"status-publish","4":"has-post-thumbnail","6":"product_brand-chemie-spezial","7":"product_cat-chemie-spezial-produkte","8":"product_cat-farb-und-graffiti-loeser-und-schutz","9":"product_cat-gebaeudereinigung","11":"first","12":"instock","13":"shipping-taxable","14":"purchasable","15":"product-type-variable","16":"has-default-attributes"},"_links":{"self":[{"href":"https:\/\/demo8.izveide.id.lv\/de\/wp-json\/wp\/v2\/product\/5099","targetHints":{"allow":["GET"]}}],"collection":[{"href":"https:\/\/demo8.izveide.id.lv\/de\/wp-json\/wp\/v2\/product"}],"about":[{"href":"https:\/\/demo8.izveide.id.lv\/de\/wp-json\/wp\/v2\/types\/product"}],"replies":[{"embeddable":true,"href":"https:\/\/demo8.izveide.id.lv\/de\/wp-json\/wp\/v2\/comments?post=5099"}],"wp:featuredmedia":[{"embeddable":true,"href":"https:\/\/demo8.izveide.id.lv\/de\/wp-json\/wp\/v2\/media\/5100"}],"wp:attachment":[{"href":"https:\/\/demo8.izveide.id.lv\/de\/wp-json\/wp\/v2\/media?parent=5099"}],"wp:term":[{"taxonomy":"product_brand","embeddable":true,"href":"https:\/\/demo8.izveide.id.lv\/de\/wp-json\/wp\/v2\/product_brand?post=5099"},{"taxonomy":"product_cat","embeddable":true,"href":"https:\/\/demo8.izveide.id.lv\/de\/wp-json\/wp\/v2\/product_cat?post=5099"},{"taxonomy":"product_tag","embeddable":true,"href":"https:\/\/demo8.izveide.id.lv\/de\/wp-json\/wp\/v2\/product_tag?post=5099"}],"curies":[{"name":"wp","href":"https:\/\/api.w.org\/{rel}","templated":true}]}}