{"id":5088,"date":"2026-02-03T15:37:29","date_gmt":"2026-02-03T15:37:29","guid":{"rendered":"https:\/\/demo8.izveide.id.lv\/?post_type=product&#038;p=5088"},"modified":"2026-02-03T15:37:36","modified_gmt":"2026-02-03T15:37:36","slug":"alk1004-lk","status":"publish","type":"product","link":"https:\/\/demo8.izveide.id.lv\/de\/produkt\/alk1004-lk\/","title":{"rendered":"ALK1004 LK"},"content":{"rendered":"<p><img decoding=\"async\" src=\"\/wp-content\/uploads\/2026\/01\/ALK1004-LK-PARENT_desc.jpg\"\/><\/p>\n<p><p><\/p>\n<p><b>KRAFTVOLLER ALLZWECKREINIGER F\u00dcR ALLE BEREICHE<\/b><\/p>\n<p><b>Produkt beschreibung:<br \/><\/b><\/p>\n<p style=\"text-align: justify; \">&#8222;ALK1004 LK&#8220; ist ein kraftvoller, salmiakverst\u00e4rkter Allzweckreiniger f\u00fcr alle alkali- und wasserfesten Materialien. <\/p>\n<p style=\"text-align: justify; \"><span style=\"letter-spacing: normal;\">&#8222;ALK1004 LK&#8220;<\/span> eignet sich besonders f\u00fcr die Reinigung von Glasscheiben, Fensterrahmen und allen glatten Hartfl\u00e4chen. Gummiwischer k\u00f6nnen leicht \u00fcber die mit <span style=\"letter-spacing: normal;\">&#8222;ALK1004 LK&#8220;<\/span> gereinigten Scheiben gezogen werden. <\/p>\n<p style=\"text-align: justify; \"><span style=\"letter-spacing: normal;\">&#8222;ALK1004 LK&#8220;<\/span> eignet sich ebenfalls gut f\u00fcr die Grundreinigung von Linoleum, Kautschuk und Olefinbel\u00e4gen.<\/p>\n<p style=\"text-align: justify; \"><b>Anwendung:<\/b><\/p>\n<p style=\"text-align: justify;\"><span style=\"letter-spacing: normal;\">&#8222;ALK1004 LK&#8220;<\/span> je nach Grad der Verschmutzung 1:20 &#8211; 1:100 mit Wasser verd\u00fcnnen. Die Fl\u00e4chen abwischen und anschlie\u00dfend trockenreiben. <\/p>\n<p style=\"text-align: justify;\"><span style=\"letter-spacing: normal;\">&#8222;ALK1004 LK&#8220;<\/span> trocknet schleierfrei auf. Bei der Verarbeitung des Konzentrates f\u00fcr Frischluftzufuhr sorgen.<\/p>\n<p style=\"\"><b>Hinweise:<\/b><\/p>\n<p style=\"\">Bei starken, bzw. alten Ablagerungen ist die Dosis bis zum gew\u00fcnschten Reinigungsziel zu erh\u00f6hen. <\/p>\n<p style=\"\">Bei unbekannten Materialien sollte an einer verdeckten Stelle ein Probeauftrag vorgenommen werden.<\/p>\n<p style=\"\"><b>pH-Wert (konz.):<\/b> 9,6<\/p><\/p>\n","protected":false},"excerpt":{"rendered":"<p>KRAFTVOLLER ALLZWECKREINIGER F\u00dcR ALLE BEREICHE Produkt beschreibung: &#8222;ALK1004 LK&#8220; ist ein kraftvoller, salmiakverst\u00e4rkter Allzweckreiniger f\u00fcr alle alkali- und wasserfesten Materialien. &#8222;ALK1004 LK&#8220; eignet sich besonders f\u00fcr die Reinigung von Glasscheiben, Fensterrahmen und allen glatten Hartfl\u00e4chen. Gummiwischer k\u00f6nnen leicht \u00fcber die mit &#8222;ALK1004 LK&#8220; gereinigten Scheiben gezogen werden. &#8222;ALK1004 LK&#8220; eignet sich ebenfalls gut f\u00fcr die&#8230;<\/p>\n","protected":false},"featured_media":5089,"comment_status":"open","ping_status":"closed","template":"","meta":[],"product_brand":[319],"product_cat":[415,472,481],"product_tag":[],"class_list":{"0":"post-5088","1":"product","2":"type-product","3":"status-publish","4":"has-post-thumbnail","6":"product_brand-chemie-spezial","7":"product_cat-chemie-spezial-produkte","8":"product_cat-gebaeudereinigung","9":"product_cat-glas-und-rahmenreiniger","11":"first","12":"instock","13":"shipping-taxable","14":"purchasable","15":"product-type-variable","16":"has-default-attributes"},"_links":{"self":[{"href":"https:\/\/demo8.izveide.id.lv\/de\/wp-json\/wp\/v2\/product\/5088","targetHints":{"allow":["GET"]}}],"collection":[{"href":"https:\/\/demo8.izveide.id.lv\/de\/wp-json\/wp\/v2\/product"}],"about":[{"href":"https:\/\/demo8.izveide.id.lv\/de\/wp-json\/wp\/v2\/types\/product"}],"replies":[{"embeddable":true,"href":"https:\/\/demo8.izveide.id.lv\/de\/wp-json\/wp\/v2\/comments?post=5088"}],"wp:featuredmedia":[{"embeddable":true,"href":"https:\/\/demo8.izveide.id.lv\/de\/wp-json\/wp\/v2\/media\/5089"}],"wp:attachment":[{"href":"https:\/\/demo8.izveide.id.lv\/de\/wp-json\/wp\/v2\/media?parent=5088"}],"wp:term":[{"taxonomy":"product_brand","embeddable":true,"href":"https:\/\/demo8.izveide.id.lv\/de\/wp-json\/wp\/v2\/product_brand?post=5088"},{"taxonomy":"product_cat","embeddable":true,"href":"https:\/\/demo8.izveide.id.lv\/de\/wp-json\/wp\/v2\/product_cat?post=5088"},{"taxonomy":"product_tag","embeddable":true,"href":"https:\/\/demo8.izveide.id.lv\/de\/wp-json\/wp\/v2\/product_tag?post=5088"}],"curies":[{"name":"wp","href":"https:\/\/api.w.org\/{rel}","templated":true}]}}